{"id":13405,"date":"2021-03-28T13:32:55","date_gmt":"2021-03-28T16:32:55","guid":{"rendered":"https:\/\/sagradamusica.com.ar\/web\/?post_type=product&#038;p=13405"},"modified":"2026-03-22T23:47:27","modified_gmt":"2026-03-23T02:47:27","slug":"donacion-sm","status":"publish","type":"product","link":"https:\/\/sagradamusica.com.ar\/web\/producto\/donacion-sm\/","title":{"rendered":"Donaci\u00f3n SM"},"content":{"rendered":"<p>Con tu aporte nos estas apoyando y ayudando a cumplir este sue\u00f1o que Dios puso en nuestros corazones para formar m\u00fasicos adoradores.<br \/>\nCon tu contribuci\u00f3n estaremos mejorando nuestros recursos e instrumentos para poder ense\u00f1ar con mayor excelencia, as\u00ed como tambi\u00e9n, ofreciendo mayor calidad en el servicio que brindamos a la comunidad con el equipo de formadores, permiti\u00e9ndonos proyectar a futuro un crecimiento como escuela a trav\u00e9s de las metas que el Se\u00f1or nos va mostrando.<\/p>\n<p>Muchas gracias por tu colaboraci\u00f3n!!!<\/p>\n","protected":false},"excerpt":{"rendered":"<p><strong>Donaci\u00f3n<\/strong><\/p>\n<p>Donaci\u00f3n a Sagrada M\u00fasica<\/p>\n<p><em>Pod\u00e9s elegir con cuanto colaborar&#8230;<\/em><\/p>\n<p> <a class=\"more-link\" href=\"https:\/\/sagradamusica.com.ar\/web\/producto\/donacion-sm\/\">Leer m\u00e1s<\/a><\/p>","protected":false},"featured_media":13393,"comment_status":"open","ping_status":"closed","template":"","meta":{"_joinchat":[]},"product_brand":[],"product_cat":[52,43],"product_tag":[55,54],"class_list":{"0":"post-13405","1":"product","2":"type-product","3":"status-publish","4":"has-post-thumbnail","6":"product_cat-donaciones","7":"product_cat-ver-todo","8":"product_tag-donacion","9":"product_tag-donaciones","11":"first","12":"instock","13":"shipping-taxable","14":"purchasable","15":"product-type-variable","16":"has-default-attributes"},"_links":{"self":[{"href":"https:\/\/sagradamusica.com.ar\/web\/wp-json\/wp\/v2\/product\/13405","targetHints":{"allow":["GET"]}}],"collection":[{"href":"https:\/\/sagradamusica.com.ar\/web\/wp-json\/wp\/v2\/product"}],"about":[{"href":"https:\/\/sagradamusica.com.ar\/web\/wp-json\/wp\/v2\/types\/product"}],"replies":[{"embeddable":true,"href":"https:\/\/sagradamusica.com.ar\/web\/wp-json\/wp\/v2\/comments?post=13405"}],"wp:featuredmedia":[{"embeddable":true,"href":"https:\/\/sagradamusica.com.ar\/web\/wp-json\/wp\/v2\/media\/13393"}],"wp:attachment":[{"href":"https:\/\/sagradamusica.com.ar\/web\/wp-json\/wp\/v2\/media?parent=13405"}],"wp:term":[{"taxonomy":"product_brand","embeddable":true,"href":"https:\/\/sagradamusica.com.ar\/web\/wp-json\/wp\/v2\/product_brand?post=13405"},{"taxonomy":"product_cat","embeddable":true,"href":"https:\/\/sagradamusica.com.ar\/web\/wp-json\/wp\/v2\/product_cat?post=13405"},{"taxonomy":"product_tag","embeddable":true,"href":"https:\/\/sagradamusica.com.ar\/web\/wp-json\/wp\/v2\/product_tag?post=13405"}],"curies":[{"name":"wp","href":"https:\/\/api.w.org\/{rel}","templated":true}]}}