{"id":12161,"date":"2020-02-28T09:02:25","date_gmt":"2020-02-28T12:02:25","guid":{"rendered":"https:\/\/sagradamusica.com.ar\/web\/?post_type=product&#038;p=12161"},"modified":"2024-03-06T11:14:17","modified_gmt":"2024-03-06T14:14:17","slug":"auspiciante-abono-mensual","status":"publish","type":"product","link":"https:\/\/sagradamusica.com.ar\/web\/producto\/auspiciante-abono-mensual\/","title":{"rendered":"Auspiciante &#8211; Abono Mensual"},"content":{"rendered":"<p><span style=\"font-weight: 400;\">Tu negocio, comercio o marca personal, ahora puede tener su espacio en nuestra p\u00e1gina web por un precio muy accesible.<\/span><\/p>\n<p><span style=\"font-weight: 400;\">Con tu donaci\u00f3n nos estas apoyando y ayudando a cumplir este sue\u00f1o que Dios puso en nuestros corazones para formar m\u00fasicos adoradores.<br \/>\nCon tu aporte estaremos mejorando nuestros recursos e instrumentos para poder ense\u00f1ar con mayor excelencia, as\u00ed como tambi\u00e9n, ofreciendo mayor calidad en el servicio que brindamos a la comunidad con el equipo de formadores, permiti\u00e9ndonos proyectar a futuro un crecimiento como escuela a trav\u00e9s de las metas que el Se\u00f1or nos va mostrando.<\/span><\/p>\n<p><span style=\"font-weight: 400;\">Muchas gracias por tu colaboraci\u00f3n!!!<\/span><\/p>\n","protected":false},"excerpt":{"rendered":"<p><strong>Auspiciante &#8211; Abono Mensual<\/strong><\/p>\n<p>Tipo de Abono: Mensual<\/p>\n<p>Convertite en Auspiciante de Sagrada M\u00fasica.<br \/>\nEste plan te permite tener tu anuncio en nuestro sitio web <em>(VER DESCRIPCI\u00d3N)<\/em>.<br \/>\nSe renueva de forma Mensual.<\/p>\n<p> <a class=\"more-link\" href=\"https:\/\/sagradamusica.com.ar\/web\/producto\/auspiciante-abono-mensual\/\">Leer m\u00e1s<\/a><\/p>","protected":false},"featured_media":12155,"comment_status":"open","ping_status":"closed","template":"","meta":{"_joinchat":[]},"product_brand":[],"product_cat":[53,43],"product_tag":[60,56,51],"class_list":{"0":"post-12161","1":"product","2":"type-product","3":"status-publish","4":"has-post-thumbnail","6":"product_cat-auspiciantes","7":"product_cat-ver-todo","8":"product_tag-abono","9":"product_tag-auspiciante","10":"product_tag-mensual","12":"first","13":"instock","14":"virtual","15":"purchasable","16":"product-type-simple"},"_links":{"self":[{"href":"https:\/\/sagradamusica.com.ar\/web\/wp-json\/wp\/v2\/product\/12161","targetHints":{"allow":["GET"]}}],"collection":[{"href":"https:\/\/sagradamusica.com.ar\/web\/wp-json\/wp\/v2\/product"}],"about":[{"href":"https:\/\/sagradamusica.com.ar\/web\/wp-json\/wp\/v2\/types\/product"}],"replies":[{"embeddable":true,"href":"https:\/\/sagradamusica.com.ar\/web\/wp-json\/wp\/v2\/comments?post=12161"}],"wp:featuredmedia":[{"embeddable":true,"href":"https:\/\/sagradamusica.com.ar\/web\/wp-json\/wp\/v2\/media\/12155"}],"wp:attachment":[{"href":"https:\/\/sagradamusica.com.ar\/web\/wp-json\/wp\/v2\/media?parent=12161"}],"wp:term":[{"taxonomy":"product_brand","embeddable":true,"href":"https:\/\/sagradamusica.com.ar\/web\/wp-json\/wp\/v2\/product_brand?post=12161"},{"taxonomy":"product_cat","embeddable":true,"href":"https:\/\/sagradamusica.com.ar\/web\/wp-json\/wp\/v2\/product_cat?post=12161"},{"taxonomy":"product_tag","embeddable":true,"href":"https:\/\/sagradamusica.com.ar\/web\/wp-json\/wp\/v2\/product_tag?post=12161"}],"curies":[{"name":"wp","href":"https:\/\/api.w.org\/{rel}","templated":true}]}}