{"id":14238,"date":"2026-03-23T00:57:06","date_gmt":"2026-03-23T03:57:06","guid":{"rendered":"https:\/\/sagradamusica.com.ar\/web\/?page_id=14238"},"modified":"2026-03-23T01:02:35","modified_gmt":"2026-03-23T04:02:35","slug":"taller-canto-y-composicion","status":"publish","type":"page","link":"https:\/\/sagradamusica.com.ar\/web\/taller-canto-y-composicion\/","title":{"rendered":"Taller de Canto y Composici\u00f3n"},"content":{"rendered":"\t\t<div data-elementor-type=\"wp-page\" data-elementor-id=\"14238\" class=\"elementor elementor-14238\">\n\t\t\t\t\t\t<section class=\"elementor-section elementor-top-section elementor-element elementor-element-0873b73 elementor-section-boxed elementor-section-height-default elementor-section-height-default\" data-id=\"0873b73\" data-element_type=\"section\" data-e-type=\"section\">\n\t\t\t\t\t\t<div class=\"elementor-container elementor-column-gap-default\">\n\t\t\t\t\t<div class=\"elementor-column elementor-col-100 elementor-top-column elementor-element elementor-element-13ea7b2\" data-id=\"13ea7b2\" data-element_type=\"column\" data-e-type=\"column\">\n\t\t\t<div class=\"elementor-widget-wrap elementor-element-populated\">\n\t\t\t\t\t\t<div class=\"elementor-element elementor-element-b272fb5 elementor-widget elementor-widget-heading\" data-id=\"b272fb5\" data-element_type=\"widget\" data-e-type=\"widget\" data-widget_type=\"heading.default\">\n\t\t\t\t<div class=\"elementor-widget-container\">\n\t\t\t\t\t<h1 class=\"elementor-heading-title elementor-size-default\">Taller de Canto y Composici\u00f3n<\/h1>\t\t\t\t<\/div>\n\t\t\t\t<\/div>\n\t\t\t\t\t<\/div>\n\t\t<\/div>\n\t\t\t\t\t<\/div>\n\t\t<\/section>\n\t\t\t\t<section class=\"elementor-section elementor-top-section elementor-element elementor-element-94f05f8 elementor-section-boxed elementor-section-height-default elementor-section-height-default\" data-id=\"94f05f8\" data-element_type=\"section\" data-e-type=\"section\">\n\t\t\t\t\t\t<div class=\"elementor-container elementor-column-gap-default\">\n\t\t\t\t\t<div class=\"elementor-column elementor-col-100 elementor-top-column elementor-element elementor-element-e6cca33\" data-id=\"e6cca33\" data-element_type=\"column\" data-e-type=\"column\">\n\t\t\t<div class=\"elementor-widget-wrap elementor-element-populated\">\n\t\t\t\t\t\t<div class=\"elementor-element elementor-element-0eba46d elementor-widget elementor-widget-image\" data-id=\"0eba46d\" data-element_type=\"widget\" data-e-type=\"widget\" data-widget_type=\"image.default\">\n\t\t\t\t<div class=\"elementor-widget-container\">\n\t\t\t\t\t\t\t\t\t\t\t\t\t\t\t<img fetchpriority=\"high\" decoding=\"async\" width=\"683\" height=\"1024\" src=\"https:\/\/sagradamusica.com.ar\/web\/wp-content\/uploads\/2026\/03\/Flyer-Taller-AB-683x1024.png\" class=\"attachment-large size-large wp-image-14240\" alt=\"Flyer Taller AB\" srcset=\"https:\/\/sagradamusica.com.ar\/web\/wp-content\/uploads\/2026\/03\/Flyer-Taller-AB-683x1024.png 683w, https:\/\/sagradamusica.com.ar\/web\/wp-content\/uploads\/2026\/03\/Flyer-Taller-AB-200x300.png 200w, https:\/\/sagradamusica.com.ar\/web\/wp-content\/uploads\/2026\/03\/Flyer-Taller-AB-768x1152.png 768w, https:\/\/sagradamusica.com.ar\/web\/wp-content\/uploads\/2026\/03\/Flyer-Taller-AB-600x900.png 600w, https:\/\/sagradamusica.com.ar\/web\/wp-content\/uploads\/2026\/03\/Flyer-Taller-AB.png 1024w\" sizes=\"(max-width: 683px) 100vw, 683px\" \/>\t\t\t\t\t\t\t\t\t\t\t\t\t\t\t<\/div>\n\t\t\t\t<\/div>\n\t\t\t\t\t<\/div>\n\t\t<\/div>\n\t\t\t\t\t<\/div>\n\t\t<\/section>\n\t\t\t\t<section class=\"elementor-section elementor-top-section elementor-element elementor-element-4bce7ab elementor-section-boxed elementor-section-height-default elementor-section-height-default\" data-id=\"4bce7ab\" data-element_type=\"section\" data-e-type=\"section\">\n\t\t\t\t\t\t<div class=\"elementor-container elementor-column-gap-default\">\n\t\t\t\t\t<div class=\"elementor-column elementor-col-100 elementor-top-column elementor-element elementor-element-305e8bb\" data-id=\"305e8bb\" data-element_type=\"column\" data-e-type=\"column\">\n\t\t\t<div class=\"elementor-widget-wrap elementor-element-populated\">\n\t\t\t\t\t\t<div class=\"elementor-element elementor-element-60e6545 elementor-widget elementor-widget-text-editor\" data-id=\"60e6545\" data-element_type=\"widget\" data-e-type=\"widget\" data-widget_type=\"text-editor.default\">\n\t\t\t\t<div class=\"elementor-widget-container\">\n\t\t\t\t\t\t\t\t\t<p><span style=\"font-weight: 400;\">Agustina Bar\u00f3 Graf es una cantante y compositora argentina de m\u00fasica cristiana cat\u00f3lica que, desde 2018, dedica su carrera completamente a la evangelizaci\u00f3n a trav\u00e9s de la m\u00fasica.<\/span><\/p><p><span style=\"font-weight: 400;\">En esta oportunidad nos brindar\u00e1 dos talleres: <\/span><b>Canto y Composici\u00f3n Musical<\/b><\/p><p><b>El taller de canto comienza a las 15hs, luego, a las 16.30hs tendremos un momento de oraci\u00f3n y testimonio, y luego el taller de composici\u00f3n. Podes realizar uno de los dos talleres o ambos.<\/b><\/p><p><span style=\"font-weight: 400;\">Agostina comenz\u00f3 cantando en \u00e1mbitos seculares, pero tras una experiencia espiritual decidi\u00f3 enfocar su talento en la adoraci\u00f3n, la alabanza y la m\u00fasica cristiana, participando en parroquias, vigilias y encuentros juveniles en Argentina y otros pa\u00edses.<\/span><\/p><p><span style=\"font-weight: 400;\">En su trayectoria grab\u00f3 junto al productor y compositor Jonatan Narv\u00e1ez y particip\u00f3 en proyectos vinculados al \u00e1mbito de la m\u00fasica cat\u00f3lica contempor\u00e1nea, compartiendo espacios con artistas como Athenas. Tambi\u00e9n form\u00f3 parte de producciones dedicadas a la Virgen Mar\u00eda.<\/span><\/p><p><span style=\"font-weight: 400;\">A nivel internacional, recibi\u00f3 un reconocimiento en los Catholic Music Awards, donde obtuvo el premio a la mejor canci\u00f3n en espa\u00f1ol, consolidando su presencia dentro de la m\u00fasica cat\u00f3lica.<\/span><\/p><p><span style=\"font-weight: 400;\">Su estilo combina espiritualidad profunda, devoci\u00f3n mariana y un enfoque claro: poner a Jes\u00fas y a la Virgen en el centro de cada canci\u00f3n.<\/span><\/p><p><span style=\"font-weight: 400;\">\ud83c\udf99\ufe0f Colaboraciones con productores y m\u00fasicos<\/span><\/p><p><span style=\"font-weight: 400;\">\u25aa\ufe0f Con Jonatan Narv\u00e1ez<\/span><\/p><ul><li><span style=\"font-weight: 400;\">Han trabajado juntos de forma continua en muchas de sus canciones y proyectos. \u00c9l participa como guitarrista, productor y arreglador en temas como Vive Jes\u00fas, S\u00e1name, D\u00e9jame nacer de nuevo, Ave Mar\u00eda, La Elegida, Dijiste S\u00ed y otros sencillos que forman parte de diferentes \u00e1lbumes y EPs.\u00a0<\/span><\/li><\/ul><p><span style=\"font-weight: 400;\">\ud83c\udf99\ufe0f Colaboraciones con otros artistas<\/span><\/p><p><span style=\"font-weight: 400;\">\u25aa\ufe0f Con Ver\u00f3nica Sanfilippo, Pablo Mart\u00ednez, Claudia Gil, Joaqu\u00edn Ch\u00e1vez y Celin\u00e9s<\/span><\/p><ul><li><span style=\"font-weight: 400;\">Agustina ha participado en grabaciones junto a varios cantantes y m\u00fasicos dentro del \u00e1mbito cat\u00f3lico, formando parte de proyectos en vivo o colaborativos, especialmente con el grupo Via Cantus y artistas como Ver\u00f3nica Sanfilippo y Pablo Mart\u00ednez.\u00a0\u00a0<\/span><\/li><\/ul><p><span style=\"font-weight: 400;\">\u25aa\ufe0f Con Via Cantus<\/span><\/p><ul><li><span style=\"font-weight: 400;\">Agustina ha cantado acompa\u00f1ada por Via Cantus, un ensamble o grupo con m\u00fasicos y cantantes dedicados tambi\u00e9n a la m\u00fasica de alabanza, donde aporta como voz principal o invitada en piezas en vivo como Vaso Nuevo y otras interpretaciones conjuntas.\u00a0\u00a0<\/span><\/li><\/ul><p><span style=\"font-weight: 400;\">\u25aa\ufe0f Con Pablo Mart\u00ednez en \u201cDamos Gloria\u201d<\/span><\/p><ul><li><span style=\"font-weight: 400;\">Agustina tambi\u00e9n se uni\u00f3 a Pablo Mart\u00ednez en el sencillo Damos Gloria, una canci\u00f3n de alabanza navide\u00f1a con arreglos de Jonatan Narv\u00e1ez, que resalta tanto su voz como la del cantante en un contexto de celebraci\u00f3n de la Navidad.\u00a0\u00a0<\/span><\/li><\/ul><p><span style=\"font-weight: 400;\">Podes inscribirte al taller ac\u00e1: <\/span><a href=\"https:\/\/forms.gle\/G7jYJebqJiCUp6Rw7\"><span style=\"font-weight: 400;\">https:\/\/forms.gle\/G7jYJebqJiCUp6Rw7<\/span><\/a> <\/p>\t\t\t\t\t\t\t\t<\/div>\n\t\t\t\t<\/div>\n\t\t\t\t<div class=\"elementor-element elementor-element-f9fb363 elementor-align-center elementor-widget elementor-widget-button\" data-id=\"f9fb363\" data-element_type=\"widget\" data-e-type=\"widget\" data-widget_type=\"button.default\">\n\t\t\t\t<div class=\"elementor-widget-container\">\n\t\t\t\t\t\t\t\t\t<div class=\"elementor-button-wrapper\">\n\t\t\t\t\t<a class=\"elementor-button elementor-button-link elementor-size-md\" href=\"https:\/\/forms.gle\/G7jYJebqJiCUp6Rw7\" target=\"_blank\">\n\t\t\t\t\t\t<span class=\"elementor-button-content-wrapper\">\n\t\t\t\t\t\t\t\t\t<span class=\"elementor-button-text\">Podes inscribirte ac\u00e1<\/span>\n\t\t\t\t\t<\/span>\n\t\t\t\t\t<\/a>\n\t\t\t\t<\/div>\n\t\t\t\t\t\t\t\t<\/div>\n\t\t\t\t<\/div>\n\t\t\t\t\t<\/div>\n\t\t<\/div>\n\t\t\t\t\t<\/div>\n\t\t<\/section>\n\t\t\t\t<\/div>\n\t\t","protected":false},"excerpt":{"rendered":"<p>Taller de Canto y Composici\u00f3n Agustina Bar\u00f3 Graf es una cantante y compositora argentina de m\u00fasica cristiana cat\u00f3lica que, desde&hellip;<\/p>\n<p> <a class=\"more-link\" href=\"https:\/\/sagradamusica.com.ar\/web\/taller-canto-y-composicion\/\">Leer m\u00e1s<\/a><\/p>\n","protected":false},"author":2,"featured_media":0,"parent":0,"menu_order":0,"comment_status":"closed","ping_status":"closed","template":"","meta":{"_joinchat":[],"footnotes":""},"class_list":["post-14238","page","type-page","status-publish"],"_links":{"self":[{"href":"https:\/\/sagradamusica.com.ar\/web\/wp-json\/wp\/v2\/pages\/14238","targetHints":{"allow":["GET"]}}],"collection":[{"href":"https:\/\/sagradamusica.com.ar\/web\/wp-json\/wp\/v2\/pages"}],"about":[{"href":"https:\/\/sagradamusica.com.ar\/web\/wp-json\/wp\/v2\/types\/page"}],"author":[{"embeddable":true,"href":"https:\/\/sagradamusica.com.ar\/web\/wp-json\/wp\/v2\/users\/2"}],"replies":[{"embeddable":true,"href":"https:\/\/sagradamusica.com.ar\/web\/wp-json\/wp\/v2\/comments?post=14238"}],"version-history":[{"count":4,"href":"https:\/\/sagradamusica.com.ar\/web\/wp-json\/wp\/v2\/pages\/14238\/revisions"}],"predecessor-version":[{"id":14243,"href":"https:\/\/sagradamusica.com.ar\/web\/wp-json\/wp\/v2\/pages\/14238\/revisions\/14243"}],"wp:attachment":[{"href":"https:\/\/sagradamusica.com.ar\/web\/wp-json\/wp\/v2\/media?parent=14238"}],"curies":[{"name":"wp","href":"https:\/\/api.w.org\/{rel}","templated":true}]}}