{"id":14232,"date":"2026-03-23T00:48:57","date_gmt":"2026-03-23T03:48:57","guid":{"rendered":"https:\/\/sagradamusica.com.ar\/web\/?page_id=14232"},"modified":"2026-03-23T00:55:54","modified_gmt":"2026-03-23T03:55:54","slug":"taller-sagrada-familia-musica","status":"publish","type":"page","link":"https:\/\/sagradamusica.com.ar\/web\/taller-sagrada-familia-musica\/","title":{"rendered":"Taller Sagrada Familia M\u00fasica"},"content":{"rendered":"\t\t<div data-elementor-type=\"wp-page\" data-elementor-id=\"14232\" class=\"elementor elementor-14232\">\n\t\t\t\t\t\t<section class=\"elementor-section elementor-top-section elementor-element elementor-element-0873b73 elementor-section-boxed elementor-section-height-default elementor-section-height-default\" data-id=\"0873b73\" data-element_type=\"section\" data-e-type=\"section\">\n\t\t\t\t\t\t<div class=\"elementor-container elementor-column-gap-default\">\n\t\t\t\t\t<div class=\"elementor-column elementor-col-100 elementor-top-column elementor-element elementor-element-13ea7b2\" data-id=\"13ea7b2\" data-element_type=\"column\" data-e-type=\"column\">\n\t\t\t<div class=\"elementor-widget-wrap elementor-element-populated\">\n\t\t\t\t\t\t<div class=\"elementor-element elementor-element-b272fb5 elementor-widget elementor-widget-heading\" data-id=\"b272fb5\" data-element_type=\"widget\" data-e-type=\"widget\" data-widget_type=\"heading.default\">\n\t\t\t\t<div class=\"elementor-widget-container\">\n\t\t\t\t\t<h1 class=\"elementor-heading-title elementor-size-default\">Taller Sagrada Familia M\u00fasica<\/h1>\t\t\t\t<\/div>\n\t\t\t\t<\/div>\n\t\t\t\t\t<\/div>\n\t\t<\/div>\n\t\t\t\t\t<\/div>\n\t\t<\/section>\n\t\t\t\t<section class=\"elementor-section elementor-top-section elementor-element elementor-element-94f05f8 elementor-section-boxed elementor-section-height-default elementor-section-height-default\" data-id=\"94f05f8\" data-element_type=\"section\" data-e-type=\"section\">\n\t\t\t\t\t\t<div class=\"elementor-container elementor-column-gap-default\">\n\t\t\t\t\t<div class=\"elementor-column elementor-col-100 elementor-top-column elementor-element elementor-element-e6cca33\" data-id=\"e6cca33\" data-element_type=\"column\" data-e-type=\"column\">\n\t\t\t<div class=\"elementor-widget-wrap elementor-element-populated\">\n\t\t\t\t\t\t<div class=\"elementor-element elementor-element-0eba46d elementor-widget elementor-widget-image\" data-id=\"0eba46d\" data-element_type=\"widget\" data-e-type=\"widget\" data-widget_type=\"image.default\">\n\t\t\t\t<div class=\"elementor-widget-container\">\n\t\t\t\t\t\t\t\t\t\t\t\t\t\t\t<img fetchpriority=\"high\" decoding=\"async\" width=\"800\" height=\"533\" src=\"https:\/\/sagradamusica.com.ar\/web\/wp-content\/uploads\/2026\/03\/Logo-SFM-1024x682.jpeg\" class=\"attachment-large size-large wp-image-14234\" alt=\"Logo SFM\" srcset=\"https:\/\/sagradamusica.com.ar\/web\/wp-content\/uploads\/2026\/03\/Logo-SFM-1024x682.jpeg 1024w, https:\/\/sagradamusica.com.ar\/web\/wp-content\/uploads\/2026\/03\/Logo-SFM-300x200.jpeg 300w, https:\/\/sagradamusica.com.ar\/web\/wp-content\/uploads\/2026\/03\/Logo-SFM-768x512.jpeg 768w, https:\/\/sagradamusica.com.ar\/web\/wp-content\/uploads\/2026\/03\/Logo-SFM-600x400.jpeg 600w, https:\/\/sagradamusica.com.ar\/web\/wp-content\/uploads\/2026\/03\/Logo-SFM.jpeg 1280w\" sizes=\"(max-width: 800px) 100vw, 800px\" \/>\t\t\t\t\t\t\t\t\t\t\t\t\t\t\t<\/div>\n\t\t\t\t<\/div>\n\t\t\t\t\t<\/div>\n\t\t<\/div>\n\t\t\t\t\t<\/div>\n\t\t<\/section>\n\t\t\t\t<section class=\"elementor-section elementor-top-section elementor-element elementor-element-4bce7ab elementor-section-boxed elementor-section-height-default elementor-section-height-default\" data-id=\"4bce7ab\" data-element_type=\"section\" data-e-type=\"section\">\n\t\t\t\t\t\t<div class=\"elementor-container elementor-column-gap-default\">\n\t\t\t\t\t<div class=\"elementor-column elementor-col-100 elementor-top-column elementor-element elementor-element-305e8bb\" data-id=\"305e8bb\" data-element_type=\"column\" data-e-type=\"column\">\n\t\t\t<div class=\"elementor-widget-wrap elementor-element-populated\">\n\t\t\t\t\t\t<div class=\"elementor-element elementor-element-a37561b elementor-widget elementor-widget-heading\" data-id=\"a37561b\" data-element_type=\"widget\" data-e-type=\"widget\" data-widget_type=\"heading.default\">\n\t\t\t\t<div class=\"elementor-widget-container\">\n\t\t\t\t\t<h2 class=\"elementor-heading-title elementor-size-default\">\u00bfQu\u00e9 es Sagrada Familia M\u00fasica?<\/h2>\t\t\t\t<\/div>\n\t\t\t\t<\/div>\n\t\t\t\t<div class=\"elementor-element elementor-element-60e6545 elementor-widget elementor-widget-text-editor\" data-id=\"60e6545\" data-element_type=\"widget\" data-e-type=\"widget\" data-widget_type=\"text-editor.default\">\n\t\t\t\t<div class=\"elementor-widget-container\">\n\t\t\t\t\t\t\t\t\t<p><span style=\"font-weight: 400;\">\u201cSagrada Familia M\u00fasica\u201d es un <\/span><b>taller de m\u00fasica cristiana cat\u00f3lica para toda la familia<\/b><span style=\"font-weight: 400;\"> brindado por la Escuela Sagrada M\u00fasica, ubicada en la Capilla \u201cNuestra Se\u00f1ora de los Dolores\u201d, esquina Urquiza y Rodolfo L\u00f3pez, Quilmes.<\/span><\/p><p><span style=\"font-weight: 400;\">En este taller, el objetivo principal es que la m\u00fasica sea un puente y canal entre las familias y Dios.\u00a0<\/span><\/p><p><span style=\"font-weight: 400;\">El eje fundamental de los talleres ser\u00e1 poder construir juntos un espacio de alabanza y adoraci\u00f3n en familias. Con este fin iremos desde lo m\u00e1s simple y cotidiano, hasta lo m\u00e1s complejo que podamos llegar a nivel t\u00e9cnico de cada instrumento, de acuerdo a la necesidad y caracter\u00edsticas del grupo de ni\u00f1os y familias. Se comenzar\u00e1 por el juego y la exploraci\u00f3n musical, para luego introducir a los ni\u00f1os y sus familias en conocimientos propios del instrumento sin perder nunca nuestro centro, que es la comunicaci\u00f3n con nuestro pap\u00e1 Dios a trav\u00e9s de la m\u00fasica.<\/span><\/p><p><span style=\"font-weight: 400;\">El taller contar\u00e1 con dos instancias: desde abril hasta las vacaciones de invierno, se trabajar\u00e1 con un repertorio amplio de canciones destinadas a la alabanza y la adoraci\u00f3n familiar a trav\u00e9s del juego y la exploraci\u00f3n, as\u00ed como las din\u00e1micas que nos permitan acercarnos a las letras y a las melod\u00edas de las canciones de manera comprensible para los ni\u00f1os.<\/span><\/p><p><span style=\"font-weight: 400;\">Desde las vacaciones de invierno en adelante, se trabajar\u00e1 en la formaci\u00f3n de un coro y ensamble musical para el pesebre de Navidad.<\/span><\/p>\t\t\t\t\t\t\t\t<\/div>\n\t\t\t\t<\/div>\n\t\t\t\t<div class=\"elementor-element elementor-element-66749ba elementor-widget elementor-widget-heading\" data-id=\"66749ba\" data-element_type=\"widget\" data-e-type=\"widget\" data-widget_type=\"heading.default\">\n\t\t\t\t<div class=\"elementor-widget-container\">\n\t\t\t\t\t<h2 class=\"elementor-heading-title elementor-size-default\">\u00bfQui\u00e9nes pueden participar del taller?<\/h2>\t\t\t\t<\/div>\n\t\t\t\t<\/div>\n\t\t\t\t<div class=\"elementor-element elementor-element-049194e elementor-widget elementor-widget-text-editor\" data-id=\"049194e\" data-element_type=\"widget\" data-e-type=\"widget\" data-widget_type=\"text-editor.default\">\n\t\t\t\t<div class=\"elementor-widget-container\">\n\t\t\t\t\t\t\t\t\t<p><span style=\"font-weight: 400;\">Pueden participar <\/span><b>todos los ni\u00f1os de 0 a 11 a\u00f1os, acompa\u00f1ados por sus padres o alg\u00fan adulto de la familia<\/b><span style=\"font-weight: 400;\">, los adultos acompa\u00f1antes podr\u00e1n tambi\u00e9n participar de las din\u00e1micas musicales, si as\u00ed lo desean. La m\u00fasica puede ser un puente y canal entre la familia y Dios, pero tambi\u00e9n entre los miembros de la misma familia.\u00a0<\/span><\/p><p><span style=\"font-weight: 400;\">Habr\u00e1 un cupo limitado de 20 ni\u00f1os con sus familias.\u00a0<\/span><\/p><p><span style=\"font-weight: 400;\">En el caso de qu\u00e9 la inscripci\u00f3n cuente con varios ni\u00f1os menores de 6 a\u00f1os, se realizar\u00e1 un grupo de 0 a 6 a\u00f1os y otro de 7 a 11 a\u00f1os<\/span><\/p>\t\t\t\t\t\t\t\t<\/div>\n\t\t\t\t<\/div>\n\t\t\t\t<div class=\"elementor-element elementor-element-251c181 elementor-widget elementor-widget-heading\" data-id=\"251c181\" data-element_type=\"widget\" data-e-type=\"widget\" data-widget_type=\"heading.default\">\n\t\t\t\t<div class=\"elementor-widget-container\">\n\t\t\t\t\t<h2 class=\"elementor-heading-title elementor-size-default\">\u00bfCu\u00e1ndo y d\u00f3nde ser\u00e1 el taller?<\/h2>\t\t\t\t<\/div>\n\t\t\t\t<\/div>\n\t\t\t\t<div class=\"elementor-element elementor-element-791ec45 elementor-widget elementor-widget-text-editor\" data-id=\"791ec45\" data-element_type=\"widget\" data-e-type=\"widget\" data-widget_type=\"text-editor.default\">\n\t\t\t\t<div class=\"elementor-widget-container\">\n\t\t\t\t\t\t\t\t\t<p><span style=\"font-weight: 400;\">El taller se brindar\u00e1 los d\u00edas viernes de 18 a 20hs en la Capilla \u201cNuestra Se\u00f1ora de los Dolores\u201d, esquina Urquiza y Rodolfo L\u00f3pez, Quilmes.<\/span><\/p><p><span style=\"font-weight: 400;\">El <\/span><b>10 de Abril de 2026 a las 18hs<\/b><span style=\"font-weight: 400;\"> tendremos la reuni\u00f3n informativa acerca de como trabajaremos en el a\u00f1o, podremos evacuar dudas de la familias y conocernos mutuamente.<\/span><\/p><p><span style=\"font-weight: 400;\">El <\/span><b>24 de Abril<\/b><span style=\"font-weight: 400;\"> comenzaremos con el taller.<\/span><\/p>\t\t\t\t\t\t\t\t<\/div>\n\t\t\t\t<\/div>\n\t\t\t\t<div class=\"elementor-element elementor-element-5878155 elementor-widget elementor-widget-heading\" data-id=\"5878155\" data-element_type=\"widget\" data-e-type=\"widget\" data-widget_type=\"heading.default\">\n\t\t\t\t<div class=\"elementor-widget-container\">\n\t\t\t\t\t<h2 class=\"elementor-heading-title elementor-size-default\">\u00bfDe qu\u00e9 constar\u00e1n los encuentros?<\/h2>\t\t\t\t<\/div>\n\t\t\t\t<\/div>\n\t\t\t\t<div class=\"elementor-element elementor-element-2e43b5b elementor-widget elementor-widget-text-editor\" data-id=\"2e43b5b\" data-element_type=\"widget\" data-e-type=\"widget\" data-widget_type=\"text-editor.default\">\n\t\t\t\t<div class=\"elementor-widget-container\">\n\t\t\t\t\t\t\t\t\t<p><span style=\"font-weight: 400;\">En los talleres tendremos una primera parte en la que se presentar\u00e1 la canci\u00f3n a trabajar durante el d\u00eda. Haremos una breve oraci\u00f3n con esta canci\u00f3n a trav\u00e9s del juego y las din\u00e1micas para que los ni\u00f1os puedan tambi\u00e9n entrar en oraci\u00f3n a su manera.<\/span><\/p><p><span style=\"font-weight: 400;\">En una segunda parte, se pasar\u00e1 a la exploraci\u00f3n instrumental y vocal para acompa\u00f1ar la canci\u00f3n.\u00a0<\/span><\/p><p><span style=\"font-weight: 400;\">En un tercer momento, estar\u00e1 la posibilidad para los padres de recibir un momento de oraci\u00f3n pensado para ellos, mientras los ni\u00f1os trabajan en el taller con los profes. Tambi\u00e9n estar\u00e1 la posibilidad para las familias de participar en la din\u00e1mica musical. Al finalizar, haremos una breve oraci\u00f3n y cierre del encuentro.\u00a0<\/span><\/p><p><span style=\"font-weight: 400;\">Una vez al mes tendremos un espacio de adoraci\u00f3n para ni\u00f1os y familias abierto a la comunidad. Contaremos con un cancionero imprimible para las familias y los ni\u00f1os, habr\u00e1 un cancionero para la primera parte del a\u00f1o, y otro para el pesebre de Navidad.<\/span><\/p><p><span style=\"font-weight: 400;\">Al finalizar el a\u00f1o, se realizar\u00e1 un pesebre musicalizado por los ni\u00f1os y sus familias. <\/span><\/p>\t\t\t\t\t\t\t\t<\/div>\n\t\t\t\t<\/div>\n\t\t\t\t<div class=\"elementor-element elementor-element-d9f7cc8 elementor-widget elementor-widget-heading\" data-id=\"d9f7cc8\" data-element_type=\"widget\" data-e-type=\"widget\" data-widget_type=\"heading.default\">\n\t\t\t\t<div class=\"elementor-widget-container\">\n\t\t\t\t\t<h2 class=\"elementor-heading-title elementor-size-default\">\u00bfCu\u00e1l es nuestro objetivo general?<\/h2>\t\t\t\t<\/div>\n\t\t\t\t<\/div>\n\t\t\t\t<div class=\"elementor-element elementor-element-c15912b elementor-widget elementor-widget-text-editor\" data-id=\"c15912b\" data-element_type=\"widget\" data-e-type=\"widget\" data-widget_type=\"text-editor.default\">\n\t\t\t\t<div class=\"elementor-widget-container\">\n\t\t\t\t\t\t\t\t\t<p><span style=\"font-weight: 400;\">Que las familias puedan encontrar un espacio de conexi\u00f3n con Dios y entre sus miembros a trav\u00e9s de la m\u00fasica.<\/span><\/p>\t\t\t\t\t\t\t\t<\/div>\n\t\t\t\t<\/div>\n\t\t\t\t<div class=\"elementor-element elementor-element-66a8c38 elementor-widget elementor-widget-heading\" data-id=\"66a8c38\" data-element_type=\"widget\" data-e-type=\"widget\" data-widget_type=\"heading.default\">\n\t\t\t\t<div class=\"elementor-widget-container\">\n\t\t\t\t\t<h2 class=\"elementor-heading-title elementor-size-default\">\u00bfCu\u00e1les son nuestros objetivos espec\u00edficos?<\/h2>\t\t\t\t<\/div>\n\t\t\t\t<\/div>\n\t\t\t\t<div class=\"elementor-element elementor-element-4d78a75 elementor-widget elementor-widget-text-editor\" data-id=\"4d78a75\" data-element_type=\"widget\" data-e-type=\"widget\" data-widget_type=\"text-editor.default\">\n\t\t\t\t<div class=\"elementor-widget-container\">\n\t\t\t\t\t\t\t\t\t<p><span style=\"font-weight: 400;\">Crear un espacio de alabanza y adoraci\u00f3n adaptado a las familias con ni\u00f1os peque\u00f1os.<\/span><\/p><p><span style=\"font-weight: 400;\">Introducir a los ni\u00f1os en la m\u00fasica cristiana y que puedan adoptar este recurso para comunicarse con pap\u00e1 Dios y mam\u00e1 Mar\u00eda.<\/span><\/p><p><span style=\"font-weight: 400;\">Favorecer un espacio catequ\u00edstico para aprender m\u00e1s sobre Dios y nuestra Fe a trav\u00e9s de la m\u00fasica.<\/span><\/p><p><span style=\"font-weight: 400;\">Brindar un espacio de compartir y contenci\u00f3n para las familias a trav\u00e9s de una actividad que los una.<\/span><\/p><p><span style=\"font-weight: 400;\">Desarrollar los dones y habilidades musicales de los ni\u00f1os en conjunto para sus familias.<\/span><\/p><p><span style=\"font-weight: 400;\">Generar un espacio de compartir entre las familias.<\/span><\/p><p><span style=\"font-weight: 400;\">Crear un pesebre musical para que esta Navidad cobre un sentido diferente para estas y muchas familias m\u00e1s.<\/span><\/p>\t\t\t\t\t\t\t\t<\/div>\n\t\t\t\t<\/div>\n\t\t\t\t<div class=\"elementor-element elementor-element-ec37229 elementor-widget elementor-widget-heading\" data-id=\"ec37229\" data-element_type=\"widget\" data-e-type=\"widget\" data-widget_type=\"heading.default\">\n\t\t\t\t<div class=\"elementor-widget-container\">\n\t\t\t\t\t<h2 class=\"elementor-heading-title elementor-size-default\">\u00bfQu\u00e9 pueden traer a los talleres? <\/h2>\t\t\t\t<\/div>\n\t\t\t\t<\/div>\n\t\t\t\t<div class=\"elementor-element elementor-element-ec65060 elementor-widget elementor-widget-text-editor\" data-id=\"ec65060\" data-element_type=\"widget\" data-e-type=\"widget\" data-widget_type=\"text-editor.default\">\n\t\t\t\t<div class=\"elementor-widget-container\">\n\t\t\t\t\t\t\t\t\t<p><span style=\"font-weight: 400;\">Pod\u00e9s traer el instrumento que tengas en casa. A lo largo de los encuentros, y de acuerdo a las aptitudes, habilidades y preferencias de los ni\u00f1os, se sugerir\u00e1 la adquisici\u00f3n de alg\u00fan instrumento en particular en caso de que sea posible y necesario. Tambi\u00e9n sugerimos traer algo para anotar y el cancionero que te presentaremos al inicio.<\/span><\/p><p><span style=\"font-weight: 400;\">Te dejamos una lista de los instrumentos que podemos utilizar:\u00a0<\/span><\/p><p><span style=\"font-weight: 400;\">Instrumentos de percusi\u00f3n: panderetas, maracas, shakers (huevitos), bongo, caj\u00f3n peruano, bombo, palo de lluvia, tambor, xilof\u00f3n, llamador de \u00e1ngeles, octapad, etc. No utilizaremos bater\u00eda en primera instancia.<\/span><\/p><p><span style=\"font-weight: 400;\">Instrumentos de cuerda: guitarra peque\u00f1a de ni\u00f1os, ukelele o teclado de 3 octavas.<\/span><\/p>\t\t\t\t\t\t\t\t<\/div>\n\t\t\t\t<\/div>\n\t\t\t\t<div class=\"elementor-element elementor-element-757e52f elementor-widget elementor-widget-heading\" data-id=\"757e52f\" data-element_type=\"widget\" data-e-type=\"widget\" data-widget_type=\"heading.default\">\n\t\t\t\t<div class=\"elementor-widget-container\">\n\t\t\t\t\t<h2 class=\"elementor-heading-title elementor-size-default\">\u00bfC\u00f3mo puedo realizar la inscripci\u00f3n?<\/h2>\t\t\t\t<\/div>\n\t\t\t\t<\/div>\n\t\t\t\t<div class=\"elementor-element elementor-element-507472a elementor-widget elementor-widget-text-editor\" data-id=\"507472a\" data-element_type=\"widget\" data-e-type=\"widget\" data-widget_type=\"text-editor.default\">\n\t\t\t\t<div class=\"elementor-widget-container\">\n\t\t\t\t\t\t\t\t\t<p><span style=\"font-weight: 400;\">Para inscribirse deber\u00e1n completar el siguiente formulario:<\/span> <a href=\"https:\/\/forms.gle\/nkhdtud6K9v4jDdL8\"><span style=\"font-weight: 400;\">https:\/\/forms.gle\/nkhdtud6K9v4jDdL8<\/span><\/a><span style=\"font-weight: 400;\">\u00a0<\/span><\/p><p><span style=\"font-weight: 400;\">Aclaraci\u00f3n importante: los ni\u00f1os no se inscriben a un determinado instrumento, ya que la primera parte del taller ser\u00e1 destinada a explorar instrumentos y evaluar intereses, capacidades y potencial de los ni\u00f1os, para luego designarles un instrumento (incluyendo el canto) que vaya de acuerdo con lo que m\u00e1s les gusta y en lo que m\u00e1s se destacan. Te pedimos completar esta planilla general para ir conociendo al ni\u00f1o y su familia.<\/span><\/p><p><span style=\"font-weight: 400;\">Una vez completada la planilla de inscripci\u00f3n, pedimos a las familias que asistan a la <\/span><b>reuni\u00f3n informativa<\/b><span style=\"font-weight: 400;\"> y de conocimiento mutuo que realizaremos el d\u00eda 10 de Abril de 2026 a las 18hs.<\/span><\/p><p><span style=\"font-weight: 400;\">Importante: en esta reuni\u00f3n pedimos asistir a los adultos, responsables o padres del ni\u00f1o con o sin el ni\u00f1o. De la manera en que consideran mejor para poder prestar atenci\u00f3n y charlar con nosotros para conocernos.<\/span><\/p><p><span style=\"font-weight: 400;\">La inscripci\u00f3n ser\u00e1 efectivizada una vez completado el formulario y asistido a la reuni\u00f3n informativa. Estos dos pasos son fundamentales para poder admitir al ni\u00f1o y a su familia en el taller.<\/span><\/p>\t\t\t\t\t\t\t\t<\/div>\n\t\t\t\t<\/div>\n\t\t\t\t<div class=\"elementor-element elementor-element-f9fb363 elementor-align-center elementor-widget elementor-widget-button\" data-id=\"f9fb363\" data-element_type=\"widget\" data-e-type=\"widget\" data-widget_type=\"button.default\">\n\t\t\t\t<div class=\"elementor-widget-container\">\n\t\t\t\t\t\t\t\t\t<div class=\"elementor-button-wrapper\">\n\t\t\t\t\t<a class=\"elementor-button elementor-button-link elementor-size-md\" href=\"https:\/\/forms.gle\/nkhdtud6K9v4jDdL8\" target=\"_blank\">\n\t\t\t\t\t\t<span class=\"elementor-button-content-wrapper\">\n\t\t\t\t\t\t\t\t\t<span class=\"elementor-button-text\">Podes inscribirte ac\u00e1<\/span>\n\t\t\t\t\t<\/span>\n\t\t\t\t\t<\/a>\n\t\t\t\t<\/div>\n\t\t\t\t\t\t\t\t<\/div>\n\t\t\t\t<\/div>\n\t\t\t\t\t<\/div>\n\t\t<\/div>\n\t\t\t\t\t<\/div>\n\t\t<\/section>\n\t\t\t\t<\/div>\n\t\t","protected":false},"excerpt":{"rendered":"<p>Taller Sagrada Familia M\u00fasica \u00bfQu\u00e9 es Sagrada Familia M\u00fasica? \u201cSagrada Familia M\u00fasica\u201d es un taller de m\u00fasica cristiana cat\u00f3lica para&hellip;<\/p>\n<p> <a class=\"more-link\" href=\"https:\/\/sagradamusica.com.ar\/web\/taller-sagrada-familia-musica\/\">Leer m\u00e1s<\/a><\/p>\n","protected":false},"author":2,"featured_media":0,"parent":0,"menu_order":0,"comment_status":"closed","ping_status":"closed","template":"","meta":{"_joinchat":[],"footnotes":""},"class_list":["post-14232","page","type-page","status-publish"],"_links":{"self":[{"href":"https:\/\/sagradamusica.com.ar\/web\/wp-json\/wp\/v2\/pages\/14232","targetHints":{"allow":["GET"]}}],"collection":[{"href":"https:\/\/sagradamusica.com.ar\/web\/wp-json\/wp\/v2\/pages"}],"about":[{"href":"https:\/\/sagradamusica.com.ar\/web\/wp-json\/wp\/v2\/types\/page"}],"author":[{"embeddable":true,"href":"https:\/\/sagradamusica.com.ar\/web\/wp-json\/wp\/v2\/users\/2"}],"replies":[{"embeddable":true,"href":"https:\/\/sagradamusica.com.ar\/web\/wp-json\/wp\/v2\/comments?post=14232"}],"version-history":[{"count":4,"href":"https:\/\/sagradamusica.com.ar\/web\/wp-json\/wp\/v2\/pages\/14232\/revisions"}],"predecessor-version":[{"id":14237,"href":"https:\/\/sagradamusica.com.ar\/web\/wp-json\/wp\/v2\/pages\/14232\/revisions\/14237"}],"wp:attachment":[{"href":"https:\/\/sagradamusica.com.ar\/web\/wp-json\/wp\/v2\/media?parent=14232"}],"curies":[{"name":"wp","href":"https:\/\/api.w.org\/{rel}","templated":true}]}}