{"id":14220,"date":"2026-03-23T00:32:34","date_gmt":"2026-03-23T03:32:34","guid":{"rendered":"https:\/\/sagradamusica.com.ar\/web\/?page_id=14220"},"modified":"2026-04-22T09:43:37","modified_gmt":"2026-04-22T12:43:37","slug":"taller-formacion-ministerial-del-musico","status":"publish","type":"page","link":"https:\/\/sagradamusica.com.ar\/web\/taller-formacion-ministerial-del-musico\/","title":{"rendered":"Taller Formaci\u00f3n Ministerial del M\u00fasico"},"content":{"rendered":"\t\t<div data-elementor-type=\"wp-page\" data-elementor-id=\"14220\" class=\"elementor elementor-14220\">\n\t\t\t\t\t\t<section class=\"elementor-section elementor-top-section elementor-element elementor-element-0873b73 elementor-section-boxed elementor-section-height-default elementor-section-height-default\" data-id=\"0873b73\" data-element_type=\"section\" data-e-type=\"section\">\n\t\t\t\t\t\t<div class=\"elementor-container elementor-column-gap-default\">\n\t\t\t\t\t<div class=\"elementor-column elementor-col-100 elementor-top-column elementor-element elementor-element-13ea7b2\" data-id=\"13ea7b2\" data-element_type=\"column\" data-e-type=\"column\">\n\t\t\t<div class=\"elementor-widget-wrap elementor-element-populated\">\n\t\t\t\t\t\t<div class=\"elementor-element elementor-element-b272fb5 elementor-widget elementor-widget-heading\" data-id=\"b272fb5\" data-element_type=\"widget\" data-e-type=\"widget\" data-widget_type=\"heading.default\">\n\t\t\t\t<div class=\"elementor-widget-container\">\n\t\t\t\t\t<h1 class=\"elementor-heading-title elementor-size-default\">Taller Formaci\u00f3n Ministerial del M\u00fasico<\/h1>\t\t\t\t<\/div>\n\t\t\t\t<\/div>\n\t\t\t\t\t<\/div>\n\t\t<\/div>\n\t\t\t\t\t<\/div>\n\t\t<\/section>\n\t\t\t\t<section class=\"elementor-section elementor-top-section elementor-element elementor-element-4bce7ab elementor-section-boxed elementor-section-height-default elementor-section-height-default\" data-id=\"4bce7ab\" data-element_type=\"section\" data-e-type=\"section\">\n\t\t\t\t\t\t<div class=\"elementor-container elementor-column-gap-default\">\n\t\t\t\t\t<div class=\"elementor-column elementor-col-100 elementor-top-column elementor-element elementor-element-305e8bb\" data-id=\"305e8bb\" data-element_type=\"column\" data-e-type=\"column\">\n\t\t\t<div class=\"elementor-widget-wrap elementor-element-populated\">\n\t\t\t\t\t\t<div class=\"elementor-element elementor-element-a37561b elementor-widget elementor-widget-heading\" data-id=\"a37561b\" data-element_type=\"widget\" data-e-type=\"widget\" data-widget_type=\"heading.default\">\n\t\t\t\t<div class=\"elementor-widget-container\">\n\t\t\t\t\t<h2 class=\"elementor-heading-title elementor-size-default\">\u00bfQu\u00e9 es la Formaci\u00f3n Ministerial del M\u00fasico?<\/h2>\t\t\t\t<\/div>\n\t\t\t\t<\/div>\n\t\t\t\t<div class=\"elementor-element elementor-element-60e6545 elementor-widget elementor-widget-text-editor\" data-id=\"60e6545\" data-element_type=\"widget\" data-e-type=\"widget\" data-widget_type=\"text-editor.default\">\n\t\t\t\t<div class=\"elementor-widget-container\">\n\t\t\t\t\t\t\t\t\t<p><span style=\"font-weight: 400;\">La \u201cFormaci\u00f3n Ministerial del M\u00fasico\u201d es un taller de m\u00fasica cristiana cat\u00f3lica brindado por la escuela Sagrada M\u00fasica, ubicada en la Capilla \u201cNuestra Se\u00f1ora de los Dolores\u201d, esquina Urquiza y Rodolfo L\u00f3pez, Quilmes.\u00a0<\/span><\/p><p><span style=\"font-weight: 400;\">El objetivo principal de este taller es formar una comunidad y ministerio de m\u00fasicos que cuenten con un <\/span><b>c\u00e1lido espacio para formarse t\u00e9cnica y espiritualmente y acompa\u00f1arse en la fe<\/b><span style=\"font-weight: 400;\">, as\u00ed como en sus recorridos en la m\u00fasica cristiana cat\u00f3lica.\u00a0<\/span><\/p><p><span style=\"font-weight: 400;\">En este espacio, los m\u00fasicos podr\u00e1n encontrar otros m\u00fasicos con quienes compartir su fe y su camino en la m\u00fasica, form\u00e1ndose t\u00e9cnica y espiritualmente en un ensamble ministerial que les permitir\u00e1 llevar sus aprendizajes a sus parroquias y ministerios.\u00a0<\/span><\/p><p><span style=\"font-weight: 400;\">Esta comunidad, ministerio de m\u00fasicos, recibir\u00e1 la <\/span><b>visita de otros m\u00fasicos reconocidos y distintos l\u00edderes que vendr\u00e1n a compartir su testimonio y talleres formativos<\/b><span style=\"font-weight: 400;\">. Una vez al mes contaremos con la presencia de alg\u00fan cantante, m\u00fasico, banda o formador de la m\u00fasica cristiana cat\u00f3lica. Queremos que este espacio sea receptor de m\u00fasicos cristianos cat\u00f3licos. No importa en la etapa de aprendizaje que est\u00e9n, lo fundamental es que quieran compartir con otros su m\u00fasica y seguir aprendiendo para poder ser ministerio de m\u00fasica en sus parroquias y capillas. Pero, adem\u00e1s, que cuenten con este espacio de comunidad y ministerio compartido que acoger\u00e1 a m\u00fasicos y aprendices de m\u00fasica de distintas parroquias y capillas.<\/span><\/p>\t\t\t\t\t\t\t\t<\/div>\n\t\t\t\t<\/div>\n\t\t\t\t<div class=\"elementor-element elementor-element-66749ba elementor-widget elementor-widget-heading\" data-id=\"66749ba\" data-element_type=\"widget\" data-e-type=\"widget\" data-widget_type=\"heading.default\">\n\t\t\t\t<div class=\"elementor-widget-container\">\n\t\t\t\t\t<h2 class=\"elementor-heading-title elementor-size-default\">\u00bfQui\u00e9nes pueden participar de este taller?<\/h2>\t\t\t\t<\/div>\n\t\t\t\t<\/div>\n\t\t\t\t<div class=\"elementor-element elementor-element-049194e elementor-widget elementor-widget-text-editor\" data-id=\"049194e\" data-element_type=\"widget\" data-e-type=\"widget\" data-widget_type=\"text-editor.default\">\n\t\t\t\t<div class=\"elementor-widget-container\">\n\t\t\t\t\t\t\t\t\t<p><span style=\"font-weight: 400;\">Todos aquellos mayores de 12 a\u00f1os, sin l\u00edmite de edad, con o sin experiencia en la m\u00fasica, que <\/span><b>quieran formarse como ministros de m\u00fasica<\/b><span style=\"font-weight: 400;\"> para servir en sus parroquias y capillas o acompa\u00f1ar su oraci\u00f3n personal o comunitaria con m\u00fasica.<\/span><\/p><p><span style=\"font-weight: 400;\">Invitamos a todos aquellos que quieran enriquecer su oraci\u00f3n y la de otros con m\u00fasica poniendo sus dones al servicio.<\/span><\/p><p><span style=\"font-weight: 400;\">El objetivo fundamental ser\u00e1 formar ministros de m\u00fasica que puedan estar al servicio de la Iglesia y de su comunidad, y que a la vez puedan encontrar un espacio de acogida comunitaria, en donde acompa\u00f1arse, aprender y continuar desarroll\u00e1ndose.<\/span><\/p><p><span style=\"font-weight: 400;\">Pueden participar, entonces los que no saben nada de m\u00fasica, pero est\u00e1n interesados en aprender para sumar la m\u00fasica a su oraci\u00f3n personal. Los que no saben nada de m\u00fasica, pero est\u00e1n interesados en aprender para ser ministros en su parroquia. Los que ya est\u00e1n en alg\u00fan ministerio de m\u00fasica, pero quieren enriquecer sus conocimientos y formaci\u00f3n. Los que notan la necesidad de un ministerio de m\u00fasica en su parroquia o capilla y quieren armarlo. Los que ellas son ministros de m\u00fasica y quieren llevar su m\u00fasica de manera misionera ad\u00f3nde Jes\u00fas los llame. Muchas son las motivaciones que te pueden traer a este lugar y aqu\u00ed estamos para acompa\u00f1arlas. Aclaraci\u00f3n: no brindamos un taller de m\u00fasica secular. Nuestros talleres no est\u00e1n dirigidos solamente a aprender a tocar un instrumento por el hecho de tocar en s\u00ed mismo. Si bien sabemos los beneficios que tiene el aprender un instrumento, nuestro objetivo fundamental es y ser\u00e1 formar ministros de m\u00fasica, servidores de m\u00fasica, y que la m\u00fasica sea el canal que los lleve a Dios y de esta manera puedan llevar a Dios a otras personas.<\/span><\/p><p><span style=\"font-weight: 400;\">El instrumento estar\u00e1 en funci\u00f3n de acercarnos al Padre.<\/span><\/p>\t\t\t\t\t\t\t\t<\/div>\n\t\t\t\t<\/div>\n\t\t\t\t<div class=\"elementor-element elementor-element-251c181 elementor-widget elementor-widget-heading\" data-id=\"251c181\" data-element_type=\"widget\" data-e-type=\"widget\" data-widget_type=\"heading.default\">\n\t\t\t\t<div class=\"elementor-widget-container\">\n\t\t\t\t\t<h2 class=\"elementor-heading-title elementor-size-default\">\u00bfCu\u00e1ndo y d\u00f3nde ser\u00e1 el taller?<\/h2>\t\t\t\t<\/div>\n\t\t\t\t<\/div>\n\t\t\t\t<div class=\"elementor-element elementor-element-791ec45 elementor-widget elementor-widget-text-editor\" data-id=\"791ec45\" data-element_type=\"widget\" data-e-type=\"widget\" data-widget_type=\"text-editor.default\">\n\t\t\t\t<div class=\"elementor-widget-container\">\n\t\t\t\t\t\t\t\t\t<p><span style=\"font-weight: 400;\">El taller se brindar\u00e1 los d\u00edas <\/span><b>s\u00e1bados de 10 a 12hs en la Capilla \u201cNuestra Se\u00f1ora de los Dolores\u201d<\/b><span style=\"font-weight: 400;\">, esquina Urquiza y Rodolfo L\u00f3pez, Quilmes.<\/span><\/p><p><span style=\"font-weight: 400;\">El <\/span><b>11 de Abril de 2026 a las 10am<\/b><span style=\"font-weight: 400;\">, tendremos la <\/span><b>reuni\u00f3n informativa<\/b><span style=\"font-weight: 400;\"> acerca de c\u00f3mo trabajaremos en el a\u00f1o y conocernos mutuamente. A esta reuni\u00f3n es importante asistir para efectivizar la inscripci\u00f3n. En el caso que no asista y no d\u00e9 aviso previo de ausencia, se le dar\u00e1 la vacante a quien se encuentre en lista de espera.<\/span><\/p><p><span style=\"font-weight: 400;\">El <\/span><b>18 de Abril<\/b><span style=\"font-weight: 400;\"> tendremos un <\/span><b>encuentro especial<\/b><span style=\"font-weight: 400;\"> con una invitada de lujo: Agustina Baro Graf, ganadora del Premio a \u201cMejor Canci\u00f3n en espa\u00f1ol\u201d en los \u201cCatholic Music Awards\u201d, quien nos brindar\u00e1 una Masterclass de canto y composici\u00f3n musical, que ser\u00e1 muy enriquecedora tanto para cantantes como para todos aquellos que quieran componer su m\u00fasica. Adem\u00e1s, Agustina nos contar\u00e1 su testimonio y nos iluminar\u00e1 a todos los que hacemos m\u00fasica para Dios. A las 15hs se brindar\u00e1 el taller de canto. A las 16.30hs, oraci\u00f3n y testimonio; y a las 17hs se brindar\u00e1 el taller de composici\u00f3n.<\/span><\/p><p><span style=\"font-weight: 400;\">El <\/span><b>25 de Abril<\/b><span style=\"font-weight: 400;\"> comenzaremos con el taller de \u201cFormaci\u00f3n Ministerial del M\u00fasico\u201d a las 10am!<\/span><\/p>\t\t\t\t\t\t\t\t<\/div>\n\t\t\t\t<\/div>\n\t\t\t\t<div class=\"elementor-element elementor-element-5878155 elementor-widget elementor-widget-heading\" data-id=\"5878155\" data-element_type=\"widget\" data-e-type=\"widget\" data-widget_type=\"heading.default\">\n\t\t\t\t<div class=\"elementor-widget-container\">\n\t\t\t\t\t<h2 class=\"elementor-heading-title elementor-size-default\">\u00bfDe qu\u00e9 constar\u00e1n los encuentros?<\/h2>\t\t\t\t<\/div>\n\t\t\t\t<\/div>\n\t\t\t\t<div class=\"elementor-element elementor-element-2e43b5b elementor-widget elementor-widget-text-editor\" data-id=\"2e43b5b\" data-element_type=\"widget\" data-e-type=\"widget\" data-widget_type=\"text-editor.default\">\n\t\t\t\t<div class=\"elementor-widget-container\">\n\t\t\t\t\t\t\t\t\t<p><span style=\"font-weight: 400;\">En cada encuentro comenzaremos con una oraci\u00f3n inicial y presentaci\u00f3n de una canci\u00f3n para trabajar durante el d\u00eda. Seguiremos un cancionero pre-armado con bloques estipulados. En un segundo momento, se ver\u00e1 la canci\u00f3n de manera separada por instrumentos. En un tercer momento, se realizar\u00e1 un ensamble en donde realizaremos la canci\u00f3n en conjunto con otros, cada uno a su ritmo y con lo que pueda entregar en ese momento. Al finalizar, se realizar\u00e1 un cierre con una oraci\u00f3n breve. A la siguiente clase, se volver\u00e1 a practicar la misma canci\u00f3n de la clase anterior, sumando una nueva.<\/span><\/p><p><span style=\"font-weight: 400;\">El cancionero servir\u00e1 de gu\u00eda para diferentes bloques. La idea es que puedan incorporar un repertorio amplio de canciones que puedan utilizar en distintos momentos de la misa, de la oraci\u00f3n comunitaria, retiros, entre otros. Es por esto que incorporaremos un cancionero que nos permitir\u00e1 incorporar novedad y versatilidad sobre un material de trabajo predeterminado. Los alumnos podr\u00e1n escuchar las canciones previos a la clase. El nivel de dificultad variar\u00e1 de acuerdo a las necesidades de cada alumno. Si bien todos van a realizar la misma canci\u00f3n, cada uno realizar\u00e1 dentro de sus posibilidades, aprendizajes previos y acordes aprendidos.<\/span><\/p><p><span style=\"font-weight: 400;\">Una vez al mes recibir\u00e1n la charla y testimonio de alg\u00fan artista invitado. Ese d\u00eda, la din\u00e1mica de la clase cambiar\u00e1 para adaptarse al invitado y ser\u00e1 abierto a la comunidad.<\/span><\/p>\t\t\t\t\t\t\t\t<\/div>\n\t\t\t\t<\/div>\n\t\t\t\t<div class=\"elementor-element elementor-element-d9f7cc8 elementor-widget elementor-widget-heading\" data-id=\"d9f7cc8\" data-element_type=\"widget\" data-e-type=\"widget\" data-widget_type=\"heading.default\">\n\t\t\t\t<div class=\"elementor-widget-container\">\n\t\t\t\t\t<h2 class=\"elementor-heading-title elementor-size-default\">\u00bfC\u00f3mo puedo realizar la inscripci\u00f3n?<\/h2>\t\t\t\t<\/div>\n\t\t\t\t<\/div>\n\t\t\t\t<div class=\"elementor-element elementor-element-c15912b elementor-widget elementor-widget-text-editor\" data-id=\"c15912b\" data-element_type=\"widget\" data-e-type=\"widget\" data-widget_type=\"text-editor.default\">\n\t\t\t\t<div class=\"elementor-widget-container\">\n\t\t\t\t\t\t\t\t\t<p><span style=\"font-weight: 400;\">Para inscribirte, debes completar el siguiente formulario: <\/span><a href=\"https:\/\/forms.gle\/ombiBUkah7XqtWFk9\"><span style=\"font-weight: 400;\">https:\/\/forms.gle\/ombiBUkah7XqtWFk9<\/span><\/a><span style=\"font-weight: 400;\">\u00a0<\/span><\/p><p><span style=\"font-weight: 400;\">Una vez completado el formulario, deber\u00e1s asistir a la reuni\u00f3n informativa que se brindar\u00e1 el d\u00eda 11 de Abril a las 10am. A esta reuni\u00f3n es importante asistir para efectivizar la inscripci\u00f3n. En el caso que no asista y no d\u00e9 aviso previo de ausencia, se le dar\u00e1 la vacante a quien se encuentre en lista de espera.\u00a0<\/span><\/p><p><span style=\"font-weight: 400;\">Atenci\u00f3n: <\/span><b>los cupos son limitados<\/b><span style=\"font-weight: 400;\">, siendo el cupo m\u00e1ximo de 10 alumnos por instrumento. Alcanzado ese cupo, quedar\u00e1n en lista de espera hasta que se genere alguna vacante por baja de alg\u00fan participante. Los alumnos con m\u00e1s de 3 faltas seguidas o 5 alternadas deber\u00e1n dar cuenta de su continuidad, de lo contrario, se dejar\u00e1 libre el cupo para otro servidor interesado en formarse.<\/span><\/p>\t\t\t\t\t\t\t\t<\/div>\n\t\t\t\t<\/div>\n\t\t\t\t<div class=\"elementor-element elementor-element-66a8c38 elementor-widget elementor-widget-heading\" data-id=\"66a8c38\" data-element_type=\"widget\" data-e-type=\"widget\" data-widget_type=\"heading.default\">\n\t\t\t\t<div class=\"elementor-widget-container\">\n\t\t\t\t\t<h2 class=\"elementor-heading-title elementor-size-default\">\u00bfQu\u00e9 valor tiene el taller?<\/h2>\t\t\t\t<\/div>\n\t\t\t\t<\/div>\n\t\t\t\t<div class=\"elementor-element elementor-element-4d78a75 elementor-widget elementor-widget-text-editor\" data-id=\"4d78a75\" data-element_type=\"widget\" data-e-type=\"widget\" data-widget_type=\"text-editor.default\">\n\t\t\t\t<div class=\"elementor-widget-container\">\n\t\t\t\t\t\t\t\t\t<p><b>\u00a1El valor lo pones vos!\u00a0<\/b><\/p><p><span style=\"font-weight: 400;\">Queremos dejar todo en las manos y providencia de Dios, y en la voluntad de los participantes y la comunidad.<\/span><\/p><p><span style=\"font-weight: 400;\">En nuestra escuela no te pedimos el pago de un arancel mensual. No queremos que esta sea una limitaci\u00f3n para que puedas formarte como ministro y brindar tu servicio en tu comunidad. Pero si nos ayuda mucho cuando las personas realizan su aporte econ\u00f3mico mensual a voluntad.\u00a0<\/span><\/p><p><span style=\"font-weight: 400;\">Esto nos permite seguir sosteniendo la infraestructura, los recursos para nuestras clases y la asistencia de nuestros profesores de m\u00fasica. En el staff contamos con profesores de m\u00fasica universitarios que brindan su profesi\u00f3n y su tiempo al servicio de la escuela, y queremos reconocer su trabajo pudiendo brindarles una ofrenda por aquello en lo que se han formado para transmitir.<\/span><\/p><p><span style=\"font-weight: 400;\">Es por esto que tenemos un bono contribuci\u00f3n sugerido de $25.000.- (Si no podes alcanzar ese valor, el aporte que puedas realizar ser\u00e1 de gran ayuda)<\/span><\/p>\t\t\t\t\t\t\t\t<\/div>\n\t\t\t\t<\/div>\n\t\t\t\t<div class=\"elementor-element elementor-element-ec37229 elementor-widget elementor-widget-heading\" data-id=\"ec37229\" data-element_type=\"widget\" data-e-type=\"widget\" data-widget_type=\"heading.default\">\n\t\t\t\t<div class=\"elementor-widget-container\">\n\t\t\t\t\t<h2 class=\"elementor-heading-title elementor-size-default\">\u00bfC\u00f3mo realizo mi colaboraci\u00f3n voluntaria?<\/h2>\t\t\t\t<\/div>\n\t\t\t\t<\/div>\n\t\t\t\t<div class=\"elementor-element elementor-element-ec65060 elementor-widget elementor-widget-text-editor\" data-id=\"ec65060\" data-element_type=\"widget\" data-e-type=\"widget\" data-widget_type=\"text-editor.default\">\n\t\t\t\t<div class=\"elementor-widget-container\">\n\t\t\t\t\t\t\t\t\t<p><span style=\"font-weight: 400;\">Se puede aportar en efectivo los d\u00edas de encuentros o por transferencia bancaria (alias: <\/span><b>sagrada.musica<\/b><span style=\"font-weight: 400;\">)<\/span><\/p><p><span style=\"font-weight: 400;\">Tambi\u00e9n, se puede realizar por medio de la p\u00e1gina\u00a0<\/span><a href=\"https:\/\/sagradamusica.com.ar\"><b>sagradamusica.com.ar<\/b><\/a><span style=\"font-weight: 400;\">, en la pesta\u00f1a de\u00a0<\/span><a href=\"https:\/\/sagradamusica.com.ar\/web\/producto\/donacion-sm\/\"><b>DONACIONES<\/b><\/a><span style=\"font-weight: 400;\">\u00a0y luego seleccionando el monto.\u00a0<\/span><\/p><p><span style=\"font-weight: 400;\">Para m\u00e1s informaci\u00f3n pod\u00e9s contactarte al\u00a0<\/span><a href=\"about:blank\"><b>11 2245-5622<\/b><\/a><b>, <\/b><span style=\"font-weight: 400;\">escribirnos a:\u00a0<\/span><a href=\"mailto:info@sagradamusica.com.ar\" target=\"_blank\" rel=\"noopener\"><b>info@sagradamusica.com.ar<\/b><\/a><span style=\"font-weight: 400;\"> o completar el\u00a0<\/span><a href=\"https:\/\/sagradamusica.com.ar\/web\/contacto\/\"><b>Formulario de Contacto<\/b><\/a><span style=\"font-weight: 400;\">.<\/span><\/p>\t\t\t\t\t\t\t\t<\/div>\n\t\t\t\t<\/div>\n\t\t\t\t<div class=\"elementor-element elementor-element-f9fb363 elementor-align-center elementor-widget elementor-widget-button\" data-id=\"f9fb363\" data-element_type=\"widget\" data-e-type=\"widget\" data-widget_type=\"button.default\">\n\t\t\t\t<div class=\"elementor-widget-container\">\n\t\t\t\t\t\t\t\t\t<div class=\"elementor-button-wrapper\">\n\t\t\t\t\t<a class=\"elementor-button elementor-button-link elementor-size-md\" href=\"https:\/\/forms.gle\/ombiBUkah7XqtWFk9\" target=\"_blank\">\n\t\t\t\t\t\t<span class=\"elementor-button-content-wrapper\">\n\t\t\t\t\t\t\t\t\t<span class=\"elementor-button-text\">Podes inscribirte ac\u00e1<\/span>\n\t\t\t\t\t<\/span>\n\t\t\t\t\t<\/a>\n\t\t\t\t<\/div>\n\t\t\t\t\t\t\t\t<\/div>\n\t\t\t\t<\/div>\n\t\t\t\t\t<\/div>\n\t\t<\/div>\n\t\t\t\t\t<\/div>\n\t\t<\/section>\n\t\t\t\t<\/div>\n\t\t","protected":false},"excerpt":{"rendered":"<p>Taller Formaci\u00f3n Ministerial del M\u00fasico \u00bfQu\u00e9 es la Formaci\u00f3n Ministerial del M\u00fasico? La \u201cFormaci\u00f3n Ministerial del M\u00fasico\u201d es un taller&hellip;<\/p>\n<p> <a class=\"more-link\" href=\"https:\/\/sagradamusica.com.ar\/web\/taller-formacion-ministerial-del-musico\/\">Leer m\u00e1s<\/a><\/p>\n","protected":false},"author":2,"featured_media":0,"parent":0,"menu_order":0,"comment_status":"closed","ping_status":"closed","template":"","meta":{"_joinchat":[],"footnotes":""},"class_list":["post-14220","page","type-page","status-publish"],"_links":{"self":[{"href":"https:\/\/sagradamusica.com.ar\/web\/wp-json\/wp\/v2\/pages\/14220","targetHints":{"allow":["GET"]}}],"collection":[{"href":"https:\/\/sagradamusica.com.ar\/web\/wp-json\/wp\/v2\/pages"}],"about":[{"href":"https:\/\/sagradamusica.com.ar\/web\/wp-json\/wp\/v2\/types\/page"}],"author":[{"embeddable":true,"href":"https:\/\/sagradamusica.com.ar\/web\/wp-json\/wp\/v2\/users\/2"}],"replies":[{"embeddable":true,"href":"https:\/\/sagradamusica.com.ar\/web\/wp-json\/wp\/v2\/comments?post=14220"}],"version-history":[{"count":7,"href":"https:\/\/sagradamusica.com.ar\/web\/wp-json\/wp\/v2\/pages\/14220\/revisions"}],"predecessor-version":[{"id":14280,"href":"https:\/\/sagradamusica.com.ar\/web\/wp-json\/wp\/v2\/pages\/14220\/revisions\/14280"}],"wp:attachment":[{"href":"https:\/\/sagradamusica.com.ar\/web\/wp-json\/wp\/v2\/media?parent=14220"}],"curies":[{"name":"wp","href":"https:\/\/api.w.org\/{rel}","templated":true}]}}