{"id":12325,"date":"2020-03-03T01:34:08","date_gmt":"2020-03-03T04:34:08","guid":{"rendered":"https:\/\/sagradamusica.com.ar\/web\/?page_id=12325"},"modified":"2022-02-11T01:58:34","modified_gmt":"2022-02-11T04:58:34","slug":"novedades","status":"publish","type":"page","link":"https:\/\/sagradamusica.com.ar\/web\/novedades\/","title":{"rendered":"Novedades"},"content":{"rendered":"\t\t<div data-elementor-type=\"wp-page\" data-elementor-id=\"12325\" class=\"elementor elementor-12325\">\n\t\t\t\t\t\t<section class=\"elementor-section elementor-top-section elementor-element elementor-element-4938879 elementor-section-boxed elementor-section-height-default elementor-section-height-default\" data-id=\"4938879\" data-element_type=\"section\" data-e-type=\"section\">\n\t\t\t\t\t\t<div class=\"elementor-container elementor-column-gap-default\">\n\t\t\t\t\t<div class=\"elementor-column elementor-col-100 elementor-top-column elementor-element elementor-element-9fc2804\" data-id=\"9fc2804\" data-element_type=\"column\" data-e-type=\"column\">\n\t\t\t<div class=\"elementor-widget-wrap elementor-element-populated\">\n\t\t\t\t\t\t<div class=\"elementor-element elementor-element-8a29e7f elementor-widget elementor-widget-heading\" data-id=\"8a29e7f\" data-element_type=\"widget\" data-e-type=\"widget\" data-widget_type=\"heading.default\">\n\t\t\t\t<div class=\"elementor-widget-container\">\n\t\t\t\t\t<h1 class=\"elementor-heading-title elementor-size-default\">Novedades<\/h1>\t\t\t\t<\/div>\n\t\t\t\t<\/div>\n\t\t\t\t\t<\/div>\n\t\t<\/div>\n\t\t\t\t\t<\/div>\n\t\t<\/section>\n\t\t\t\t<section class=\"elementor-section elementor-top-section elementor-element elementor-element-69f6aeb elementor-section-boxed elementor-section-height-default elementor-section-height-default\" data-id=\"69f6aeb\" data-element_type=\"section\" data-e-type=\"section\">\n\t\t\t\t\t\t<div class=\"elementor-container elementor-column-gap-default\">\n\t\t\t\t\t<div class=\"elementor-column elementor-col-100 elementor-top-column elementor-element elementor-element-2e5d757\" data-id=\"2e5d757\" data-element_type=\"column\" data-e-type=\"column\">\n\t\t\t<div class=\"elementor-widget-wrap elementor-element-populated\">\n\t\t\t\t\t\t<div class=\"elementor-element elementor-element-c1a2290 elementor-widget elementor-widget-a13fe-post-list\" data-id=\"c1a2290\" data-element_type=\"widget\" data-e-type=\"widget\" data-widget_type=\"a13fe-post-list.default\">\n\t\t\t\t<div class=\"elementor-widget-container\">\n\t\t\t\t\t<div class=\"bricks-frame posts-bricks posts-bricks-1  posts_horizontal posts-columns-1\"><div class=\"posts-grid-container\" data-margin=\"5\"><div class=\"grid-master\"><\/div><div class=\"archive-item w1 post-14266 post type-post status-publish format-standard has-post-thumbnail category-noticias category-ver-todo tag-agostina tag-baro tag-baro-graf tag-graf tag-viene tag-viene-agostina-baro-graf\" data-category-69=\"1\" data-category-1=\"1\" itemtype=\"https:\/\/schema.org\/CreativeWork\" itemscope><div class=\"item-image post-media\"><a href=\"https:\/\/sagradamusica.com.ar\/web\/viene-agostina-baro-graf\/\"><img decoding=\"async\" width=\"420\" src=\"https:\/\/sagradamusica.com.ar\/web\/wp-content\/uploads\/apollo13_images\/entradas-sm-2026-03-7s4r6xxsc53yqbsbkuwfs9r0robsc01x7u.jpg\" class=\"attachment-420x0x1xx90 size-420x0x1xx90 wp-post-image\" alt=\"Taller de Canto y Composici\u00f3n\" itemprop=\"image\" \/><\/a><\/div>\r\n<div class=\"formatter\">\r\n    <div class=\"real-content hentry\">\r\n\r\n        <h2 class=\"post-title entry-title\" itemprop=\"headline\"><a href=\"https:\/\/sagradamusica.com.ar\/web\/viene-agostina-baro-graf\/\" itemprop=\"url\">Viene Agostina Baro Graf<\/a><\/h2>\r\n        <div class=\"entry-summary\" itemprop=\"text\">\r\n        <p>La ganadora al premio \u201cMejor canci\u00f3n en espa\u00f1ol\u201d nos brindar\u00e1 dos talleres que no te pod\u00e9s perder&#8230;<\/p>\n<p> <a class=\"more-link\" href=\"https:\/\/sagradamusica.com.ar\/web\/viene-agostina-baro-graf\/\">Leer m\u00e1s<\/a><\/p>        <\/div>\r\n\r\n        <div class=\"clear\"><\/div>\r\n\r\n                \r\n    <\/div>\r\n<\/div><div class=\"clear\"><\/div><\/div><div class=\"archive-item w1 post-14260 post type-post status-publish format-standard has-post-thumbnail category-noticias category-ver-todo tag-familia tag-musica tag-sagrada tag-sagrada-familia-musica\" data-category-69=\"1\" data-category-1=\"1\" itemtype=\"https:\/\/schema.org\/CreativeWork\" itemscope><div class=\"item-image post-media\"><a href=\"https:\/\/sagradamusica.com.ar\/web\/sagrada-familia-musica\/\"><img decoding=\"async\" width=\"420\" src=\"https:\/\/sagradamusica.com.ar\/web\/wp-content\/uploads\/apollo13_images\/entradas-sm-2026-02-7s4r6wvlof2wfrvivopufs8caup99r2t0q.jpg\" class=\"attachment-420x0x1xx90 size-420x0x1xx90 wp-post-image\" alt=\"Sagrada Familia M\u00fasica\" itemprop=\"image\" \/><\/a><\/div>\r\n<div class=\"formatter\">\r\n    <div class=\"real-content hentry\">\r\n\r\n        <h2 class=\"post-title entry-title\" itemprop=\"headline\"><a href=\"https:\/\/sagradamusica.com.ar\/web\/sagrada-familia-musica\/\" itemprop=\"url\">Sagrada Familia M\u00fasica<\/a><\/h2>\r\n        <div class=\"entry-summary\" itemprop=\"text\">\r\n        <p>Nuevo taller para los mas peque\u00f1os y las familias&#8230;<\/p>\n<p> <a class=\"more-link\" href=\"https:\/\/sagradamusica.com.ar\/web\/sagrada-familia-musica\/\">Leer m\u00e1s<\/a><\/p>        <\/div>\r\n\r\n        <div class=\"clear\"><\/div>\r\n\r\n                \r\n    <\/div>\r\n<\/div><div class=\"clear\"><\/div><\/div><div class=\"archive-item w1 post-14253 post type-post status-publish format-standard has-post-thumbnail category-noticias category-ver-todo tag-138 tag-musica tag-sagrada tag-sagrada-musica-2026\" data-category-69=\"1\" data-category-1=\"1\" itemtype=\"https:\/\/schema.org\/CreativeWork\" itemscope><div class=\"item-image post-media\"><a href=\"https:\/\/sagradamusica.com.ar\/web\/sagrada-musica-2026\/\"><img decoding=\"async\" width=\"420\" src=\"https:\/\/sagradamusica.com.ar\/web\/wp-content\/uploads\/apollo13_images\/entradas-sm-2026-01-7s4r6vtf0p1u57yq6ij93apnu12q7i3otm.jpg\" class=\"attachment-420x0x1xx90 size-420x0x1xx90 wp-post-image\" alt=\"Logo Sagrada M\u00fasica\" itemprop=\"image\" \/><\/a><\/div>\r\n<div class=\"formatter\">\r\n    <div class=\"real-content hentry\">\r\n\r\n        <h2 class=\"post-title entry-title\" itemprop=\"headline\"><a href=\"https:\/\/sagradamusica.com.ar\/web\/sagrada-musica-2026\/\" itemprop=\"url\">Sagrada M\u00fasica 2026<\/a><\/h2>\r\n        <div class=\"entry-summary\" itemprop=\"text\">\r\n        <p>Comienza un nuevo ciclo en nuestra escuela&#8230;<\/p>\n<p> <a class=\"more-link\" href=\"https:\/\/sagradamusica.com.ar\/web\/sagrada-musica-2026\/\">Leer m\u00e1s<\/a><\/p>        <\/div>\r\n\r\n        <div class=\"clear\"><\/div>\r\n\r\n                \r\n    <\/div>\r\n<\/div><div class=\"clear\"><\/div><\/div><div class=\"archive-item w1 post-13605 post type-post status-publish format-standard has-post-thumbnail category-noticias category-ver-todo tag-107 tag-dia-de tag-efemerides tag-guitarrista\" data-category-69=\"1\" data-category-1=\"1\" itemtype=\"https:\/\/schema.org\/CreativeWork\" itemscope><div class=\"item-image post-media\"><a href=\"https:\/\/sagradamusica.com.ar\/web\/dia-del-guitarrista-efemerides\/\"><img decoding=\"async\" width=\"420\" src=\"https:\/\/sagradamusica.com.ar\/web\/wp-content\/uploads\/apollo13_images\/Dia-del-Guitarrista-74nuz6p2tri2d3gpadcgaus5ccuu08la3u.png\" class=\"attachment-420x0x1xx90 size-420x0x1xx90 wp-post-image\" alt=\"\" itemprop=\"image\" \/><\/a><\/div>\r\n<div class=\"formatter\">\r\n    <div class=\"real-content hentry\">\r\n\r\n        <h2 class=\"post-title entry-title\" itemprop=\"headline\"><a href=\"https:\/\/sagradamusica.com.ar\/web\/dia-del-guitarrista-efemerides\/\" itemprop=\"url\">Dia del Guitarrista &#8211; Efem\u00e9rides<\/a><\/h2>\r\n        <div class=\"entry-summary\" itemprop=\"text\">\r\n        <p>D\u00eda del Guitarrista \u00bfPor qu\u00e9 se conmemora este d\u00eda? En memoria del nacimiento de conocido guitarrista argentino Eduardo Fal\u00fa. Eduardo&hellip;<\/p>\n<p> <a class=\"more-link\" href=\"https:\/\/sagradamusica.com.ar\/web\/dia-del-guitarrista-efemerides\/\">Leer m\u00e1s<\/a><\/p>\n        <\/div>\r\n\r\n        <div class=\"clear\"><\/div>\r\n\r\n                \r\n    <\/div>\r\n<\/div><div class=\"clear\"><\/div><\/div><\/div><\/div>\t\t\t\t<\/div>\n\t\t\t\t<\/div>\n\t\t\t\t\t<\/div>\n\t\t<\/div>\n\t\t\t\t\t<\/div>\n\t\t<\/section>\n\t\t\t\t<\/div>\n\t\t","protected":false},"excerpt":{"rendered":"<p>Novedades Dia del Guitarrista &#8211; Efem\u00e9rides D\u00eda del Guitarrista \u00bfPor qu\u00e9 se conmemora este d\u00eda? En memoria del nacimiento de&hellip;<\/p>\n<p> <a class=\"more-link\" href=\"https:\/\/sagradamusica.com.ar\/web\/dia-del-guitarrista-efemerides\/\">Leer m\u00e1s<\/a><\/p>\n","protected":false},"author":2,"featured_media":0,"parent":0,"menu_order":0,"comment_status":"closed","ping_status":"closed","template":"","meta":{"_joinchat":[],"footnotes":""},"class_list":["post-12325","page","type-page","status-publish"],"_links":{"self":[{"href":"https:\/\/sagradamusica.com.ar\/web\/wp-json\/wp\/v2\/pages\/12325","targetHints":{"allow":["GET"]}}],"collection":[{"href":"https:\/\/sagradamusica.com.ar\/web\/wp-json\/wp\/v2\/pages"}],"about":[{"href":"https:\/\/sagradamusica.com.ar\/web\/wp-json\/wp\/v2\/types\/page"}],"author":[{"embeddable":true,"href":"https:\/\/sagradamusica.com.ar\/web\/wp-json\/wp\/v2\/users\/2"}],"replies":[{"embeddable":true,"href":"https:\/\/sagradamusica.com.ar\/web\/wp-json\/wp\/v2\/comments?post=12325"}],"version-history":[{"count":16,"href":"https:\/\/sagradamusica.com.ar\/web\/wp-json\/wp\/v2\/pages\/12325\/revisions"}],"predecessor-version":[{"id":13884,"href":"https:\/\/sagradamusica.com.ar\/web\/wp-json\/wp\/v2\/pages\/12325\/revisions\/13884"}],"wp:attachment":[{"href":"https:\/\/sagradamusica.com.ar\/web\/wp-json\/wp\/v2\/media?parent=12325"}],"curies":[{"name":"wp","href":"https:\/\/api.w.org\/{rel}","templated":true}]}}