{"id":12136,"date":"2020-02-21T16:19:41","date_gmt":"2020-02-21T19:19:41","guid":{"rendered":"https:\/\/sagradamusica.com.ar\/web\/?page_id=12136"},"modified":"2021-12-19T21:47:06","modified_gmt":"2021-12-20T00:47:06","slug":"politica-de-privacidad","status":"publish","type":"page","link":"https:\/\/sagradamusica.com.ar\/web\/politica-de-privacidad\/","title":{"rendered":"Pol\u00edtica de Privacidad"},"content":{"rendered":"\t\t<div data-elementor-type=\"wp-page\" data-elementor-id=\"12136\" class=\"elementor elementor-12136\">\n\t\t\t\t\t\t<section class=\"elementor-section elementor-top-section elementor-element elementor-element-216a41d elementor-section-boxed elementor-section-height-default elementor-section-height-default\" data-id=\"216a41d\" data-element_type=\"section\" data-e-type=\"section\">\n\t\t\t\t\t\t<div class=\"elementor-container elementor-column-gap-default\">\n\t\t\t\t\t<div class=\"elementor-column elementor-col-100 elementor-top-column elementor-element elementor-element-77e8847c\" data-id=\"77e8847c\" data-element_type=\"column\" data-e-type=\"column\">\n\t\t\t<div class=\"elementor-widget-wrap elementor-element-populated\">\n\t\t\t\t\t\t<div class=\"elementor-element elementor-element-28ef1851 elementor-widget elementor-widget-heading\" data-id=\"28ef1851\" data-element_type=\"widget\" data-e-type=\"widget\" data-widget_type=\"heading.default\">\n\t\t\t\t<div class=\"elementor-widget-container\">\n\t\t\t\t\t<h1 class=\"elementor-heading-title elementor-size-default\">Pol\u00edtica de Privacidad<\/h1>\t\t\t\t<\/div>\n\t\t\t\t<\/div>\n\t\t\t\t\t<\/div>\n\t\t<\/div>\n\t\t\t\t\t<\/div>\n\t\t<\/section>\n\t\t\t\t<section class=\"elementor-section elementor-top-section elementor-element elementor-element-5a8203d elementor-section-boxed elementor-section-height-default elementor-section-height-default\" data-id=\"5a8203d\" data-element_type=\"section\" data-e-type=\"section\">\n\t\t\t\t\t\t<div class=\"elementor-container elementor-column-gap-default\">\n\t\t\t\t\t<div class=\"elementor-column elementor-col-100 elementor-top-column elementor-element elementor-element-063c825\" data-id=\"063c825\" data-element_type=\"column\" data-e-type=\"column\">\n\t\t\t<div class=\"elementor-widget-wrap elementor-element-populated\">\n\t\t\t\t\t\t<div class=\"elementor-element elementor-element-83317e0 elementor-widget elementor-widget-text-editor\" data-id=\"83317e0\" data-element_type=\"widget\" data-e-type=\"widget\" data-widget_type=\"text-editor.default\">\n\t\t\t\t<div class=\"elementor-widget-container\">\n\t\t\t\t\t\t\t\t\t<p><strong>Pol\u00edtica de privacidad<\/strong><\/p><p>Pol\u00edtica de Privacidad de los datos personales suministrados por el Usuario \u2013 Seguridad y tratamiento:<\/p><p>Para poder utilizar la Tienda de manera eficiente y segura, deb\u00e9s aportar datos tales como: nombre y apellido, domicilio, cuenta de e-mail, documento de identidad, etc; sin los cuales se tornar\u00eda imposible brindarte los servicios. Por eso se requiere que \u00e9stos sean verdaderos y exactos.<\/p><p>Los datos recaudados por los formularios correspondientes ser\u00e1n incorporados a la Base General de Clientes de GASTON ADRIAN ACERBI (Sagrada M\u00fasica).<\/p><p>La informaci\u00f3n personal ser\u00e1 tratada en forma confidencial y GASTON ADRIAN ACERBI\u00a0har\u00e1 su mejor esfuerzo para proteger la privacidad de los mismos, de conformidad con lo dispuesto en la Ley 25.326. Para esto se utilizar\u00e1 un sistema que encripta los datos suministrados y evita su uso desautorizado, garantizando una operaci\u00f3n segura.<\/p><p>No obstante lo anterior, deb\u00e9s tener en cuenta que Internet no es un medio inexpugnable en cuanto a su seguridad.<\/p><p>Cuando se ingresan datos y n\u00fameros correspondientes a tarjetas de cr\u00e9dito estos son encriptados, asegurando as\u00ed que se mantengan en total confidencialidad y no puedan ser vistos por otras personas. Este procedimiento se hace por medio del sistema de Mercado Pago.<\/p><p>En consonancia con lo prescripto por la Ley de Protecci\u00f3n de Datos Personales, N\u00ba 25,326, tendr\u00e1s el derecho de acceder, actualizar y rectificar los datos ingresados cuando lo desees.<\/p><p>Si solicitaras la supresi\u00f3n de los datos, dejar\u00e1s de ser usuario del sistema y deber\u00e1s hacerlo por carta documento o presentaci\u00f3n con firma certificada a nombre de GASTON ADRIAN ACERBI, al domicilio: Islas Malvinas 1168, Quilmes, Buenos Aires, Argentina.<\/p><p>Podr\u00e1s ejercer el derecho de rectificaci\u00f3n, cuando los datos que se posean fueran incorrectos.<\/p><p>En caso de que los datos sean requeridos por la v\u00eda legal, administrativa o judicial correspondiente, GASTON ADRIAN ACERBI\u00a0se ver\u00e1 compelida a revelar los mismos a la autoridad solicitante. En la medida en que la legislaci\u00f3n y normas de procedimiento lo permitan, GASTON ADRIAN ACERBI\u00a0te informar\u00e1 sobre estos requerimientos.<\/p><p>Al registrarte en la Tienda y formar parte de la Base General de Clientes, acept\u00e1s que GASTON ADRIAN ACERBI\u00a0se comunique con vos por v\u00eda postal, telef\u00f3nica o electr\u00f3nica para enviarte informaci\u00f3n que la Empresa considere, a su exclusivo criterio, que pueda ser de tu inter\u00e9s, incluyendo publicidad e informaci\u00f3n sobre ofertas y promociones.<\/p><p>En caso de que no desees ser contactado con estos fines, podr\u00e1s manifestarlo a GASTON ADRIAN ACERBI, quien proceder\u00e1 a interrumpir este tipo de comunicaciones en el menor tiempo que le sea posible.<\/p><p>La DIRECCI\u00d3N NACIONAL DE PROTECCI\u00d3N DE DATOS PERSONALES, \u00d3rgano de Control de la Ley N\u00ba 25.326, tiene la atribuci\u00f3n de atender las denuncias y reclamos que se interpongan con relaci\u00f3n al incumplimiento de las normas sobre protecci\u00f3n de datos personales.<\/p>\t\t\t\t\t\t\t\t<\/div>\n\t\t\t\t<\/div>\n\t\t\t\t\t<\/div>\n\t\t<\/div>\n\t\t\t\t\t<\/div>\n\t\t<\/section>\n\t\t\t\t<\/div>\n\t\t","protected":false},"excerpt":{"rendered":"<p>Pol\u00edtica de Privacidad Pol\u00edtica de privacidad Pol\u00edtica de Privacidad de los datos personales suministrados por el Usuario \u2013 Seguridad y&hellip;<\/p>\n<p> <a class=\"more-link\" href=\"https:\/\/sagradamusica.com.ar\/web\/politica-de-privacidad\/\">Leer m\u00e1s<\/a><\/p>\n","protected":false},"author":2,"featured_media":0,"parent":0,"menu_order":0,"comment_status":"closed","ping_status":"closed","template":"","meta":{"_joinchat":[],"footnotes":""},"class_list":["post-12136","page","type-page","status-publish"],"_links":{"self":[{"href":"https:\/\/sagradamusica.com.ar\/web\/wp-json\/wp\/v2\/pages\/12136","targetHints":{"allow":["GET"]}}],"collection":[{"href":"https:\/\/sagradamusica.com.ar\/web\/wp-json\/wp\/v2\/pages"}],"about":[{"href":"https:\/\/sagradamusica.com.ar\/web\/wp-json\/wp\/v2\/types\/page"}],"author":[{"embeddable":true,"href":"https:\/\/sagradamusica.com.ar\/web\/wp-json\/wp\/v2\/users\/2"}],"replies":[{"embeddable":true,"href":"https:\/\/sagradamusica.com.ar\/web\/wp-json\/wp\/v2\/comments?post=12136"}],"version-history":[{"count":9,"href":"https:\/\/sagradamusica.com.ar\/web\/wp-json\/wp\/v2\/pages\/12136\/revisions"}],"predecessor-version":[{"id":13827,"href":"https:\/\/sagradamusica.com.ar\/web\/wp-json\/wp\/v2\/pages\/12136\/revisions\/13827"}],"wp:attachment":[{"href":"https:\/\/sagradamusica.com.ar\/web\/wp-json\/wp\/v2\/media?parent=12136"}],"curies":[{"name":"wp","href":"https:\/\/api.w.org\/{rel}","templated":true}]}}