{"id":12134,"date":"2020-02-21T16:19:09","date_gmt":"2020-02-21T19:19:09","guid":{"rendered":"https:\/\/sagradamusica.com.ar\/web\/?page_id=12134"},"modified":"2021-12-19T21:48:58","modified_gmt":"2021-12-20T00:48:58","slug":"preguntas-frecuentes","status":"publish","type":"page","link":"https:\/\/sagradamusica.com.ar\/web\/preguntas-frecuentes\/","title":{"rendered":"Preguntas Frecuentes"},"content":{"rendered":"\t\t<div data-elementor-type=\"wp-page\" data-elementor-id=\"12134\" class=\"elementor elementor-12134\">\n\t\t\t\t\t\t<section class=\"elementor-section elementor-top-section elementor-element elementor-element-79a5f11a elementor-section-boxed elementor-section-height-default elementor-section-height-default\" data-id=\"79a5f11a\" data-element_type=\"section\" data-e-type=\"section\">\n\t\t\t\t\t\t<div class=\"elementor-container elementor-column-gap-default\">\n\t\t\t\t\t<div class=\"elementor-column elementor-col-100 elementor-top-column elementor-element elementor-element-6876715b\" data-id=\"6876715b\" data-element_type=\"column\" data-e-type=\"column\">\n\t\t\t<div class=\"elementor-widget-wrap elementor-element-populated\">\n\t\t\t\t\t\t<div class=\"elementor-element elementor-element-6fe847ae elementor-widget elementor-widget-heading\" data-id=\"6fe847ae\" data-element_type=\"widget\" data-e-type=\"widget\" data-widget_type=\"heading.default\">\n\t\t\t\t<div class=\"elementor-widget-container\">\n\t\t\t\t\t<h1 class=\"elementor-heading-title elementor-size-default\">Preguntas Frecuentes<\/h1>\t\t\t\t<\/div>\n\t\t\t\t<\/div>\n\t\t\t\t\t<\/div>\n\t\t<\/div>\n\t\t\t\t\t<\/div>\n\t\t<\/section>\n\t\t\t\t<section class=\"elementor-section elementor-top-section elementor-element elementor-element-dd9ec04 elementor-section-boxed elementor-section-height-default elementor-section-height-default\" data-id=\"dd9ec04\" data-element_type=\"section\" data-e-type=\"section\">\n\t\t\t\t\t\t<div class=\"elementor-container elementor-column-gap-default\">\n\t\t\t\t\t<div class=\"elementor-column elementor-col-100 elementor-top-column elementor-element elementor-element-7a38e9e\" data-id=\"7a38e9e\" data-element_type=\"column\" data-e-type=\"column\">\n\t\t\t<div class=\"elementor-widget-wrap elementor-element-populated\">\n\t\t\t\t\t\t<div class=\"elementor-element elementor-element-8d9bc7c elementor-widget elementor-widget-accordion\" data-id=\"8d9bc7c\" data-element_type=\"widget\" data-e-type=\"widget\" data-widget_type=\"accordion.default\">\n\t\t\t\t<div class=\"elementor-widget-container\">\n\t\t\t\t\t\t\t<div class=\"elementor-accordion\">\n\t\t\t\t\t\t\t<div class=\"elementor-accordion-item\">\n\t\t\t\t\t<div id=\"elementor-tab-title-1481\" class=\"elementor-tab-title\" data-tab=\"1\" role=\"button\" aria-controls=\"elementor-tab-content-1481\" aria-expanded=\"false\">\n\t\t\t\t\t\t\t\t\t\t\t\t\t<span class=\"elementor-accordion-icon elementor-accordion-icon-left\" aria-hidden=\"true\">\n\t\t\t\t\t\t\t\t\t\t\t\t\t\t\t<span class=\"elementor-accordion-icon-closed\"><i class=\"fas fa-plus\"><\/i><\/span>\n\t\t\t\t\t\t\t\t<span class=\"elementor-accordion-icon-opened\"><i class=\"fas fa-minus\"><\/i><\/span>\n\t\t\t\t\t\t\t\t\t\t\t\t\t\t<\/span>\n\t\t\t\t\t\t\t\t\t\t\t\t<a class=\"elementor-accordion-title\" tabindex=\"0\">M\u00e9todos de pago<\/a>\n\t\t\t\t\t<\/div>\n\t\t\t\t\t<div id=\"elementor-tab-content-1481\" class=\"elementor-tab-content elementor-clearfix\" data-tab=\"1\" role=\"region\" aria-labelledby=\"elementor-tab-title-1481\"><p><strong>Mercado Pago<\/strong><\/p><p>Pod\u00e9s elegir la forma de pagar tu pedido.<br \/>Efectivo, tarjeta de d\u00e9bito o cr\u00e9dito.<br \/>Pag\u00e1 en cuotas SIN INTER\u00c9S con tarjetas de cr\u00e9dito seleccionadas.<\/p><\/div>\n\t\t\t\t<\/div>\n\t\t\t\t\t\t\t<div class=\"elementor-accordion-item\">\n\t\t\t\t\t<div id=\"elementor-tab-title-1482\" class=\"elementor-tab-title\" data-tab=\"2\" role=\"button\" aria-controls=\"elementor-tab-content-1482\" aria-expanded=\"false\">\n\t\t\t\t\t\t\t\t\t\t\t\t\t<span class=\"elementor-accordion-icon elementor-accordion-icon-left\" aria-hidden=\"true\">\n\t\t\t\t\t\t\t\t\t\t\t\t\t\t\t<span class=\"elementor-accordion-icon-closed\"><i class=\"fas fa-plus\"><\/i><\/span>\n\t\t\t\t\t\t\t\t<span class=\"elementor-accordion-icon-opened\"><i class=\"fas fa-minus\"><\/i><\/span>\n\t\t\t\t\t\t\t\t\t\t\t\t\t\t<\/span>\n\t\t\t\t\t\t\t\t\t\t\t\t<a class=\"elementor-accordion-title\" tabindex=\"0\">Uso del sistema<\/a>\n\t\t\t\t\t<\/div>\n\t\t\t\t\t<div id=\"elementor-tab-content-1482\" class=\"elementor-tab-content elementor-clearfix\" data-tab=\"2\" role=\"region\" aria-labelledby=\"elementor-tab-title-1482\"><p><strong>\u00bfPara qu\u00e9 necesito registrarme?<\/strong><\/p><p>Una vez que seas usuario registrado podr\u00e1s realizar un seguimiento sobre tus compras y recibir informaci\u00f3n sobre descuentos y promociones.<\/p><p>Tus datos personales se toman con los fines de cumplir con el giro comercial de la empresa, realizar acciones de marketing y publicidad. Ud. tiene derecho gratuito de ejercer los derechos de acceso, rectificaci\u00f3n y supresi\u00f3n de los datos. La Direcci\u00f3n Nacional de Protecci\u00f3n de Datos Personales, \u00f3rgano de control de la Ley Nro 25.326, tiene la atribuci\u00f3n de atender las denuncias y reclamos que se interpongan en relaci\u00f3n a incumplimiento de las normas sobre protecci\u00f3n de datos personales.<\/p><p><strong>\u00bfC\u00f3mo realizo una compra?<\/strong><\/p><p>Pod\u00e9s navegar libremente y haciendo clic en cada producto y\/o servicio, acceder y observar los detalles.<\/p><p>Cuando decidiste qu\u00e9 producto y\/o servicio quer\u00e9s, hac\u00e9s clic en comprar y ese producto y\/o servicio se va a cargar en tu carrito. Pod\u00e9s elegir continuar comprando o finalizar la compra.<\/p><p>Cuando decidas terminar con la misma, tendr\u00e1s la oportunidad de borrar los productos de tu carrito, si as\u00ed lo quer\u00e9s. Te aparecer\u00e1 un resumen. Para continuar con el pago.<\/p><p>Podr\u00e1s iniciar una sesi\u00f3n si ya lo hiciste en otra oportunidad.<\/p><p>Finalmente eleg\u00eds la forma de pago, y listo.<\/p><p><strong>\u00bfPuedo comprar desde cualquier lugar del pa\u00eds?<\/strong><\/p><p>Si, pod\u00e9s comprar desde cualquier localidad de Argentina.<\/p><p><strong>\u00bfC\u00f3mo recupero mi contrase\u00f1a?<\/strong><\/p><p>Para recuperar tu contrase\u00f1a deb\u00e9s:<br \/>\u2013 Hacer click en: \u00bfOlvidaste la contrase\u00f1a?<br \/>\u2013 Escribir el mail con el que te registraste.<br \/>\u2013 Hacer click en \u201crecuperar\u201d.<\/p><p>Te llegar\u00e1 una contrase\u00f1a nueva a tu casilla de correo electr\u00f3nico.<\/p><p><strong>Si tengo una duda, \u00bfa qui\u00e9n acudo?<\/strong><\/p><p>Podes llamar al tel\u00e9fono de atenci\u00f3n o escribir a\u00a0<strong><a href=\"mailto:info@sagradamusica.com.ar\">info@sagradamusica.com.ar<\/a><\/strong>.<\/p><p><strong>\u00bfQu\u00e9 e-mails voy a recibir?<\/strong><\/p><p>\u2013 De \u00abbienvenida\u00bb, al registrarme.<br \/>\u2013 De \u00abrecuperaci\u00f3n de contrase\u00f1a\u00bb.<br \/>\u2013 De \u00abconfirmaci\u00f3n de compra\u00bb.<br \/>\u2013 De \u00abestado del pedido\u00bb.<\/p><\/div>\n\t\t\t\t<\/div>\n\t\t\t\t\t\t\t\t<\/div>\n\t\t\t\t\t\t<\/div>\n\t\t\t\t<\/div>\n\t\t\t\t\t<\/div>\n\t\t<\/div>\n\t\t\t\t\t<\/div>\n\t\t<\/section>\n\t\t\t\t<\/div>\n\t\t","protected":false},"excerpt":{"rendered":"<p>Preguntas Frecuentes M\u00e9todos de pago Mercado Pago Pod\u00e9s elegir la forma de pagar tu pedido.Efectivo, tarjeta de d\u00e9bito o cr\u00e9dito.Pag\u00e1&hellip;<\/p>\n<p> <a class=\"more-link\" href=\"https:\/\/sagradamusica.com.ar\/web\/preguntas-frecuentes\/\">Leer m\u00e1s<\/a><\/p>\n","protected":false},"author":2,"featured_media":0,"parent":0,"menu_order":0,"comment_status":"closed","ping_status":"closed","template":"","meta":{"_joinchat":[],"footnotes":""},"class_list":["post-12134","page","type-page","status-publish"],"_links":{"self":[{"href":"https:\/\/sagradamusica.com.ar\/web\/wp-json\/wp\/v2\/pages\/12134","targetHints":{"allow":["GET"]}}],"collection":[{"href":"https:\/\/sagradamusica.com.ar\/web\/wp-json\/wp\/v2\/pages"}],"about":[{"href":"https:\/\/sagradamusica.com.ar\/web\/wp-json\/wp\/v2\/types\/page"}],"author":[{"embeddable":true,"href":"https:\/\/sagradamusica.com.ar\/web\/wp-json\/wp\/v2\/users\/2"}],"replies":[{"embeddable":true,"href":"https:\/\/sagradamusica.com.ar\/web\/wp-json\/wp\/v2\/comments?post=12134"}],"version-history":[{"count":11,"href":"https:\/\/sagradamusica.com.ar\/web\/wp-json\/wp\/v2\/pages\/12134\/revisions"}],"predecessor-version":[{"id":13833,"href":"https:\/\/sagradamusica.com.ar\/web\/wp-json\/wp\/v2\/pages\/12134\/revisions\/13833"}],"wp:attachment":[{"href":"https:\/\/sagradamusica.com.ar\/web\/wp-json\/wp\/v2\/media?parent=12134"}],"curies":[{"name":"wp","href":"https:\/\/api.w.org\/{rel}","templated":true}]}}