{"id":11995,"date":"2020-02-20T20:43:26","date_gmt":"2020-02-20T23:43:26","guid":{"rendered":"https:\/\/sagradamusica.com.ar\/web\/?page_id=11995"},"modified":"2022-04-09T16:19:44","modified_gmt":"2022-04-09T19:19:44","slug":"nosotros","status":"publish","type":"page","link":"https:\/\/sagradamusica.com.ar\/web\/nosotros\/","title":{"rendered":"Nosotros"},"content":{"rendered":"\t\t<div data-elementor-type=\"wp-page\" data-elementor-id=\"11995\" class=\"elementor elementor-11995\">\n\t\t\t\t\t\t<section class=\"elementor-section elementor-top-section elementor-element elementor-element-338cc1ad elementor-section-boxed elementor-section-height-default elementor-section-height-default\" data-id=\"338cc1ad\" data-element_type=\"section\" data-e-type=\"section\">\n\t\t\t\t\t\t<div class=\"elementor-container elementor-column-gap-default\">\n\t\t\t\t\t<div class=\"elementor-column elementor-col-100 elementor-top-column elementor-element elementor-element-9a9302e\" data-id=\"9a9302e\" data-element_type=\"column\" data-e-type=\"column\">\n\t\t\t<div class=\"elementor-widget-wrap elementor-element-populated\">\n\t\t\t\t\t\t<div class=\"elementor-element elementor-element-28d021fb elementor-widget elementor-widget-heading\" data-id=\"28d021fb\" data-element_type=\"widget\" data-e-type=\"widget\" data-widget_type=\"heading.default\">\n\t\t\t\t<div class=\"elementor-widget-container\">\n\t\t\t\t\t<h1 class=\"elementor-heading-title elementor-size-default\">Nosotros<\/h1>\t\t\t\t<\/div>\n\t\t\t\t<\/div>\n\t\t\t\t\t<\/div>\n\t\t<\/div>\n\t\t\t\t\t<\/div>\n\t\t<\/section>\n\t\t\t\t<section class=\"elementor-section elementor-top-section elementor-element elementor-element-5ad24fe elementor-section-boxed elementor-section-height-default elementor-section-height-default\" data-id=\"5ad24fe\" data-element_type=\"section\" data-e-type=\"section\">\n\t\t\t\t\t\t<div class=\"elementor-container elementor-column-gap-default\">\n\t\t\t\t\t<div class=\"elementor-column elementor-col-100 elementor-top-column elementor-element elementor-element-5400f25\" data-id=\"5400f25\" data-element_type=\"column\" data-e-type=\"column\">\n\t\t\t<div class=\"elementor-widget-wrap elementor-element-populated\">\n\t\t\t\t\t\t<div class=\"elementor-element elementor-element-c2cecf9 elementor-widget elementor-widget-text-editor\" data-id=\"c2cecf9\" data-element_type=\"widget\" data-e-type=\"widget\" data-widget_type=\"text-editor.default\">\n\t\t\t\t<div class=\"elementor-widget-container\">\n\t\t\t\t\t\t\t\t\t<p><span style=\"font-weight: 400;\">Somos una escuela cristiana cat\u00f3lica que, desde el a\u00f1o 2013, nos dedicamos a formar m\u00fasicos servidores, adoradores y ministerios desde un enfoque musical y espiritual.\u00a0<\/span><\/p><p><span style=\"font-weight: 400;\">Nos caracteriza ser misioneros y servidores de Jes\u00fas, encontrando en la m\u00fasica el canal para acercarnos a \u00c9l y que \u00c9l se haga cercano a nosotros.<\/span><\/p><p><span style=\"font-weight: 400;\">Disfrutamos y compartimos este magn\u00edfico arte, que Dios nos regala como instrumento capaz de llegar hasta lo m\u00e1s profundo del alma, all\u00ed donde a veces las palabras no llegan.<\/span><\/p><p><span style=\"font-weight: 400;\">Te invitamos a recorrer nuestra p\u00e1gina para enterarte de nuestros cursos, talleres y propuestas.<\/span><\/p>\t\t\t\t\t\t\t\t<\/div>\n\t\t\t\t<\/div>\n\t\t\t\t\t<\/div>\n\t\t<\/div>\n\t\t\t\t\t<\/div>\n\t\t<\/section>\n\t\t\t\t<section class=\"elementor-section elementor-top-section elementor-element elementor-element-3d241b2 elementor-section-boxed elementor-section-height-default elementor-section-height-default\" data-id=\"3d241b2\" data-element_type=\"section\" data-e-type=\"section\">\n\t\t\t\t\t\t<div class=\"elementor-container elementor-column-gap-default\">\n\t\t\t\t\t<div class=\"elementor-column elementor-col-100 elementor-top-column elementor-element elementor-element-a64e45c\" data-id=\"a64e45c\" data-element_type=\"column\" data-e-type=\"column\">\n\t\t\t<div class=\"elementor-widget-wrap elementor-element-populated\">\n\t\t\t\t\t\t<div class=\"elementor-element elementor-element-84053a3 elementor-widget elementor-widget-heading\" data-id=\"84053a3\" data-element_type=\"widget\" data-e-type=\"widget\" data-widget_type=\"heading.default\">\n\t\t\t\t<div class=\"elementor-widget-container\">\n\t\t\t\t\t<h2 class=\"elementor-heading-title elementor-size-default\">Nuestra historia<\/h2>\t\t\t\t<\/div>\n\t\t\t\t<\/div>\n\t\t\t\t\t<\/div>\n\t\t<\/div>\n\t\t\t\t\t<\/div>\n\t\t<\/section>\n\t\t\t\t<section class=\"elementor-section elementor-top-section elementor-element elementor-element-d628f51 elementor-section-boxed elementor-section-height-default elementor-section-height-default\" data-id=\"d628f51\" data-element_type=\"section\" data-e-type=\"section\">\n\t\t\t\t\t\t<div class=\"elementor-container elementor-column-gap-default\">\n\t\t\t\t\t<div class=\"elementor-column elementor-col-100 elementor-top-column elementor-element elementor-element-43700eb\" data-id=\"43700eb\" data-element_type=\"column\" data-e-type=\"column\">\n\t\t\t<div class=\"elementor-widget-wrap elementor-element-populated\">\n\t\t\t\t\t\t<div class=\"elementor-element elementor-element-dd461a9 elementor-widget elementor-widget-text-editor\" data-id=\"dd461a9\" data-element_type=\"widget\" data-e-type=\"widget\" data-widget_type=\"text-editor.default\">\n\t\t\t\t<div class=\"elementor-widget-container\">\n\t\t\t\t\t\t\t\t\t<p><i><span style=\"font-weight: 400;\">Sagrada M\u00fasica<\/span><\/i><span style=\"font-weight: 400;\">\u00a0surge en el a\u00f1o 2013, al notar la necesidad de un espacio de aprendizaje y formaci\u00f3n en la m\u00fasica como herramienta para el servicio de la comunidad y de Dios. Fue fundada por Gast\u00f3n Acerbi, director y formador de la escuela, cuya intenci\u00f3n fue la de crear un espacio dedicado a la preparaci\u00f3n de canciones, ense\u00f1ando a los m\u00fasicos a interpretarlas, especializ\u00e1ndose en cada instrumento. Desde los inicios, la escuela recibi\u00f3 el aval y el apoyo del cura p\u00e1rroco de la Parroquia Sagrado Coraz\u00f3n de Jes\u00fas, Sergio Mendoza.<\/span><\/p><p><span style=\"font-weight: 400;\">Un a\u00f1o despu\u00e9s, aquel primer paso, acarrear\u00eda uno m\u00e1s grande. La Escuela de M\u00fasica empezar\u00eda a tomar forma, con la incorporaci\u00f3n de nuevos formadores y la implementaci\u00f3n de programas de estudios para cada instrumento y\/o \u00e1rea por separado. As\u00ed comenzaba a gestarse este hermoso proyecto, que avanza d\u00eda a d\u00eda, a\u00f1o tras a\u00f1o, y que sigue creciendo en servicio, calidez humana, convivencia comunitaria y entrega a Dios.<\/span><\/p>\t\t\t\t\t\t\t\t<\/div>\n\t\t\t\t<\/div>\n\t\t\t\t\t<\/div>\n\t\t<\/div>\n\t\t\t\t\t<\/div>\n\t\t<\/section>\n\t\t\t\t<section class=\"elementor-section elementor-top-section elementor-element elementor-element-bed1503 elementor-section-boxed elementor-section-height-default elementor-section-height-default\" data-id=\"bed1503\" data-element_type=\"section\" data-e-type=\"section\">\n\t\t\t\t\t\t<div class=\"elementor-container elementor-column-gap-default\">\n\t\t\t\t\t<div class=\"elementor-column elementor-col-100 elementor-top-column elementor-element elementor-element-6cd0f1e\" data-id=\"6cd0f1e\" data-element_type=\"column\" data-e-type=\"column\">\n\t\t\t<div class=\"elementor-widget-wrap elementor-element-populated\">\n\t\t\t\t\t\t<div class=\"elementor-element elementor-element-735f474 elementor-widget elementor-widget-spacer\" data-id=\"735f474\" data-element_type=\"widget\" data-e-type=\"widget\" data-widget_type=\"spacer.default\">\n\t\t\t\t<div class=\"elementor-widget-container\">\n\t\t\t\t\t\t\t<div class=\"elementor-spacer\">\n\t\t\t<div class=\"elementor-spacer-inner\"><\/div>\n\t\t<\/div>\n\t\t\t\t\t\t<\/div>\n\t\t\t\t<\/div>\n\t\t\t\t\t<\/div>\n\t\t<\/div>\n\t\t\t\t\t<\/div>\n\t\t<\/section>\n\t\t\t\t<section class=\"elementor-section elementor-top-section elementor-element elementor-element-0ea37cf elementor-section-boxed elementor-section-height-default elementor-section-height-default\" data-id=\"0ea37cf\" data-element_type=\"section\" data-e-type=\"section\">\n\t\t\t\t\t\t<div class=\"elementor-container elementor-column-gap-default\">\n\t\t\t\t\t<div class=\"elementor-column elementor-col-33 elementor-top-column elementor-element elementor-element-8291565\" data-id=\"8291565\" data-element_type=\"column\" data-e-type=\"column\">\n\t\t\t<div class=\"elementor-widget-wrap elementor-element-populated\">\n\t\t\t\t\t\t<div class=\"elementor-element elementor-element-69af7d9 elementor-view-default elementor-position-block-start elementor-mobile-position-block-start elementor-widget elementor-widget-icon-box\" data-id=\"69af7d9\" data-element_type=\"widget\" data-e-type=\"widget\" data-widget_type=\"icon-box.default\">\n\t\t\t\t<div class=\"elementor-widget-container\">\n\t\t\t\t\t\t\t<div class=\"elementor-icon-box-wrapper\">\n\n\t\t\t\t\t\t<div class=\"elementor-icon-box-icon\">\n\t\t\t\t<span  class=\"elementor-icon\">\n\t\t\t\t<i aria-hidden=\"true\" class=\"fas fa-eye\"><\/i>\t\t\t\t<\/span>\n\t\t\t<\/div>\n\t\t\t\n\t\t\t\t\t\t<div class=\"elementor-icon-box-content\">\n\n\t\t\t\t\t\t\t\t\t<h3 class=\"elementor-icon-box-title\">\n\t\t\t\t\t\t<span  >\n\t\t\t\t\t\t\tVisi\u00f3n\t\t\t\t\t\t<\/span>\n\t\t\t\t\t<\/h3>\n\t\t\t\t\n\t\t\t\t\t\t\t\t\t<p class=\"elementor-icon-box-description\">\n\t\t\t\t\t\tFormar servidores preparados musical y espiritualmente para integrar, coordinar y crear ministerios de m\u00fasica, bandas cristianas y otros servicios de alabanza y adoraci\u00f3n, en sus comunidades y parroquias.\nQueremos infundir en los m\u00fasicos un esp\u00edritu misionero qu\u00e9 les permita darse cuenta de las necesidades del momento para responder al llamado qu\u00e9 Jes\u00fas les hace en cada tiempo y lugar, llevando el mensaje de Jes\u00fas a trav\u00e9s de la m\u00fasica a todos lados, fomentando el compartir, la solidaridad y la misi\u00f3n com\u00fan como Iglesia.\nNos proponemos formar ministros que no se conformen con interpretar canciones, sino que busquen llevar en sus comunidades, el mensaje de Jes\u00fas y Mar\u00eda, perfeccionando los talentos que Dios les ha confiado.\t\t\t\t\t<\/p>\n\t\t\t\t\n\t\t\t<\/div>\n\t\t\t\n\t\t<\/div>\n\t\t\t\t\t\t<\/div>\n\t\t\t\t<\/div>\n\t\t\t\t\t<\/div>\n\t\t<\/div>\n\t\t\t\t<div class=\"elementor-column elementor-col-33 elementor-top-column elementor-element elementor-element-f2f44ea\" data-id=\"f2f44ea\" data-element_type=\"column\" data-e-type=\"column\">\n\t\t\t<div class=\"elementor-widget-wrap elementor-element-populated\">\n\t\t\t\t\t\t<div class=\"elementor-element elementor-element-daa2f19 elementor-view-default elementor-position-block-start elementor-mobile-position-block-start elementor-widget elementor-widget-icon-box\" data-id=\"daa2f19\" data-element_type=\"widget\" data-e-type=\"widget\" data-widget_type=\"icon-box.default\">\n\t\t\t\t<div class=\"elementor-widget-container\">\n\t\t\t\t\t\t\t<div class=\"elementor-icon-box-wrapper\">\n\n\t\t\t\t\t\t<div class=\"elementor-icon-box-icon\">\n\t\t\t\t<span  class=\"elementor-icon\">\n\t\t\t\t<i aria-hidden=\"true\" class=\"fas fa-cross\"><\/i>\t\t\t\t<\/span>\n\t\t\t<\/div>\n\t\t\t\n\t\t\t\t\t\t<div class=\"elementor-icon-box-content\">\n\n\t\t\t\t\t\t\t\t\t<h3 class=\"elementor-icon-box-title\">\n\t\t\t\t\t\t<span  >\n\t\t\t\t\t\t\tMisi\u00f3n\t\t\t\t\t\t<\/span>\n\t\t\t\t\t<\/h3>\n\t\t\t\t\n\t\t\t\t\t\t\t\t\t<p class=\"elementor-icon-box-description\">\n\t\t\t\t\t\tPara llevar a cabo nuestra visi\u00f3n, nos proponemos brindar herramientas claras y sencillas, tanto musicales como espirituales, para ministrar, favoreciendo el proceso de convertirse en Adoradores en Esp\u00edritu y en Verdad.\t\t\t\t\t<\/p>\n\t\t\t\t\n\t\t\t<\/div>\n\t\t\t\n\t\t<\/div>\n\t\t\t\t\t\t<\/div>\n\t\t\t\t<\/div>\n\t\t\t\t\t<\/div>\n\t\t<\/div>\n\t\t\t\t<div class=\"elementor-column elementor-col-33 elementor-top-column elementor-element elementor-element-6efcadd\" data-id=\"6efcadd\" data-element_type=\"column\" data-e-type=\"column\">\n\t\t\t<div class=\"elementor-widget-wrap elementor-element-populated\">\n\t\t\t\t\t\t<div class=\"elementor-element elementor-element-d871f93 elementor-view-default elementor-position-block-start elementor-mobile-position-block-start elementor-widget elementor-widget-icon-box\" data-id=\"d871f93\" data-element_type=\"widget\" data-e-type=\"widget\" data-widget_type=\"icon-box.default\">\n\t\t\t\t<div class=\"elementor-widget-container\">\n\t\t\t\t\t\t\t<div class=\"elementor-icon-box-wrapper\">\n\n\t\t\t\t\t\t<div class=\"elementor-icon-box-icon\">\n\t\t\t\t<span  class=\"elementor-icon\">\n\t\t\t\t<i aria-hidden=\"true\" class=\"fas fa-lightbulb\"><\/i>\t\t\t\t<\/span>\n\t\t\t<\/div>\n\t\t\t\n\t\t\t\t\t\t<div class=\"elementor-icon-box-content\">\n\n\t\t\t\t\t\t\t\t\t<h3 class=\"elementor-icon-box-title\">\n\t\t\t\t\t\t<span  >\n\t\t\t\t\t\t\tProp\u00f3sito\t\t\t\t\t\t<\/span>\n\t\t\t\t\t<\/h3>\n\t\t\t\t\n\t\t\t\t\t\t\t\t\t<p class=\"elementor-icon-box-description\">\n\t\t\t\t\t\tNuestro mayor prop\u00f3sito es que los servidores que pasen por Sagrada M\u00fasica encuentren un lugar de confianza y apoyo para crecer en su servicio. Es por eso qu\u00e9 nuestros profesores son \u201cformadores\u201d que, en un proceso de formaci\u00f3n constante, ayudar\u00e1n a encontrar en cada servidor sus potencialidades, a desarrollar sus dones y talentos, estimul\u00e1ndolos y acompa\u00f1\u00e1ndolos en su servicio.\nLlamamos a nuestros alumnos \u201cservidores\u201d porque estar\u00e1n sirviendo a Jes\u00fas desde el comienzo, form\u00e1ndose para \u00c9l y para brindar servicio a la comunidad.\nNos proponemos mejorar a\u00f1o tras a\u00f1o en calidad de servicio, hacia nuestros alumnos y hacia Dios, para formar m\u00fasicos adoradores dispuestos a compartir sus talentos en cada comunidad que participen, acrecentando y compartiendo el entusiasmo por disfrutar de la m\u00fasica como medio fundamental de alabanza, adoraci\u00f3n y crecimiento, tanto personal como espiritual.\t\t\t\t\t<\/p>\n\t\t\t\t\n\t\t\t<\/div>\n\t\t\t\n\t\t<\/div>\n\t\t\t\t\t\t<\/div>\n\t\t\t\t<\/div>\n\t\t\t\t\t<\/div>\n\t\t<\/div>\n\t\t\t\t\t<\/div>\n\t\t<\/section>\n\t\t\t\t<\/div>\n\t\t","protected":false},"excerpt":{"rendered":"<p>Nosotros Somos una escuela cristiana cat\u00f3lica que, desde el a\u00f1o 2013, nos dedicamos a formar m\u00fasicos servidores, adoradores y ministerios&hellip;<\/p>\n<p> <a class=\"more-link\" href=\"https:\/\/sagradamusica.com.ar\/web\/nosotros\/\">Leer m\u00e1s<\/a><\/p>\n","protected":false},"author":2,"featured_media":0,"parent":0,"menu_order":0,"comment_status":"closed","ping_status":"closed","template":"","meta":{"_joinchat":[],"footnotes":""},"class_list":["post-11995","page","type-page","status-publish"],"_links":{"self":[{"href":"https:\/\/sagradamusica.com.ar\/web\/wp-json\/wp\/v2\/pages\/11995","targetHints":{"allow":["GET"]}}],"collection":[{"href":"https:\/\/sagradamusica.com.ar\/web\/wp-json\/wp\/v2\/pages"}],"about":[{"href":"https:\/\/sagradamusica.com.ar\/web\/wp-json\/wp\/v2\/types\/page"}],"author":[{"embeddable":true,"href":"https:\/\/sagradamusica.com.ar\/web\/wp-json\/wp\/v2\/users\/2"}],"replies":[{"embeddable":true,"href":"https:\/\/sagradamusica.com.ar\/web\/wp-json\/wp\/v2\/comments?post=11995"}],"version-history":[{"count":25,"href":"https:\/\/sagradamusica.com.ar\/web\/wp-json\/wp\/v2\/pages\/11995\/revisions"}],"predecessor-version":[{"id":14025,"href":"https:\/\/sagradamusica.com.ar\/web\/wp-json\/wp\/v2\/pages\/11995\/revisions\/14025"}],"wp:attachment":[{"href":"https:\/\/sagradamusica.com.ar\/web\/wp-json\/wp\/v2\/media?parent=11995"}],"curies":[{"name":"wp","href":"https:\/\/api.w.org\/{rel}","templated":true}]}}